{"id":31207,"date":"2022-01-31T13:01:21","date_gmt":"2022-01-31T12:01:21","guid":{"rendered":"https:\/\/www.nordsinternational.com\/?page_id=31207"},"modified":"2026-01-13T12:18:28","modified_gmt":"2026-01-13T11:18:28","slug":"aktuelles","status":"publish","type":"page","link":"https:\/\/www.nordsinternational.com\/de\/aktuelles\/","title":{"rendered":"Aktuelles"},"content":{"rendered":"\t\t<div data-elementor-type=\"wp-page\" data-elementor-id=\"31207\" class=\"elementor elementor-31207 elementor-570\" data-elementor-post-type=\"page\">\n\t\t\t\t<div class=\"elementor-element elementor-element-bce1cba e-flex e-con-boxed e-con e-parent\" data-id=\"bce1cba\" data-element_type=\"container\" data-e-type=\"container\">\n\t\t\t\t\t<div class=\"e-con-inner\">\n\t\t<div class=\"elementor-element elementor-element-083c158 e-con-full e-flex e-con e-child\" data-id=\"083c158\" data-element_type=\"container\" data-e-type=\"container\">\n\t\t\t\t<div class=\"elementor-element elementor-element-52bc45c elementor-widget elementor-widget-heading\" data-id=\"52bc45c\" data-element_type=\"widget\" data-e-type=\"widget\" data-widget_type=\"heading.default\">\n\t\t\t\t<div class=\"elementor-widget-container\">\n\t\t\t\t\t<h1 class=\"elementor-heading-title elementor-size-default\">Aktuelles\u200b<\/h1>\t\t\t\t<\/div>\n\t\t\t\t<\/div>\n\t\t\t\t<div class=\"elementor-element elementor-element-c9265b2 elementor-widget-divider--view-line elementor-widget elementor-widget-divider\" data-id=\"c9265b2\" data-element_type=\"widget\" data-e-type=\"widget\" data-widget_type=\"divider.default\">\n\t\t\t\t<div class=\"elementor-widget-container\">\n\t\t\t\t\t\t\t<div class=\"elementor-divider\">\n\t\t\t<span class=\"elementor-divider-separator\">\n\t\t\t\t\t\t<\/span>\n\t\t<\/div>\n\t\t\t\t\t\t<\/div>\n\t\t\t\t<\/div>\n\t\t\t\t<\/div>\n\t\t\t\t\t<\/div>\n\t\t\t\t<\/div>\n\t\t<div class=\"elementor-element elementor-element-4515e73 e-flex e-con-boxed e-con e-parent\" data-id=\"4515e73\" data-element_type=\"container\" data-e-type=\"container\">\n\t\t\t\t\t<div class=\"e-con-inner\">\n\t\t\t\t<div class=\"elementor-element elementor-element-1ed9144 elementor-widget elementor-widget-posts\" data-id=\"1ed9144\" data-element_type=\"widget\" data-e-type=\"widget\" data-settings=\"{&quot;full_content_row_gap&quot;:{&quot;unit&quot;:&quot;px&quot;,&quot;size&quot;:35,&quot;sizes&quot;:[]}}\" data-widget_type=\"posts.full_content\">\n\t\t\t\t<div class=\"elementor-widget-container\">\n\t\t\t\t\t\t\t<div class=\"elementor-posts-container elementor-posts elementor-posts--skin-full_content elementor-grid\" role=\"list\">\n\t\t\t\t<article class=\"elementor-post elementor-grid-item post-40763 post type-post status-publish format-standard hentry\" role=\"listitem\">\n\t\t\t\t<div class=\"elementor-post__text\">\n\t\t\t\t<h3 class=\"elementor-post__title\">\n\t\t\t<a href=\"https:\/\/www.nordsinternational.com\/de\/umweltproduktdeklaration-epd-fuer-gepresste-boerdel-und-rohrschellen\/\" >\n\t\t\t\tUmweltproduktdeklaration (EPD) f\u00fcr gepresste B\u00f6rdel und Rohrschellen\t\t\t<\/a>\n\t\t<\/h3>\n\t\t\t\t<div class=\"elementor-post__meta-data\">\n\t\t\t\t\t<span class=\"elementor-post-date\">\n\t\t\t13. Januar 2026\t\t<\/span>\n\t\t\t\t<\/div>\n\t\t\n<p>Wir freuen uns, Ihnen unsere erste EPD f\u00fcr gepresste B\u00f6rdel und Rohrschellen pr\u00e4sentieren zu k\u00f6nnen. Diese EPD wurde gem\u00e4\u00df der neuesten zul\u00e4ssigen Berechnungsmethode erstellt.<\/p>\n\n\n\n<p>Die Berechnung des Schrotts hat sich wesentlich ge\u00e4ndert. Neuere und \u00e4ltere Berechnungsmethoden sind daher nicht vergleichbar.<\/p>\n\n\n\n<p>Ein Vergleich muss stets anhand derselben Berechnungsmethode erfolgen.<\/p>\n\n\n\n<p>EPDs f\u00fcr weitere Produkte folgen in K\u00fcrze.<\/p>\n\n\n\n<p>Die EPDs stehen unter dem Reiter <strong><a href=\"https:\/\/www.nordsinternational.com\/de\/ueber-nords\/zertifikate\/\">\u201eUnternehmen\/Zertifikat\u201c<\/a><\/strong> zum Download bereit.<\/p>\n\n\n\n<p><\/p>\n\t\t<\/div>\n\t\t\t\t<\/article>\n\t\t\t\t<\/div>\n\t\t\n\t\t\t\t\t\t<\/div>\n\t\t\t\t<\/div>\n\t\t\t\t\t<\/div>\n\t\t\t\t<\/div>\n\t\t\t\t<\/div>\n\t\t","protected":false},"excerpt":{"rendered":"<p>Aktuelles\u200b<\/p>\n","protected":false},"author":3,"featured_media":0,"parent":0,"menu_order":30,"comment_status":"closed","ping_status":"closed","template":"","meta":{"site-sidebar-layout":"default","site-content-layout":"","ast-site-content-layout":"default","site-content-style":"default","site-sidebar-style":"default","ast-global-header-display":"","ast-banner-title-visibility":"","ast-main-header-display":"","ast-hfb-above-header-display":"","ast-hfb-below-header-display":"","ast-hfb-mobile-header-display":"","site-post-title":"disabled","ast-breadcrumbs-content":"","ast-featured-img":"","footer-sml-layout":"","ast-disable-related-posts":"","theme-transparent-header-meta":"","adv-header-id-meta":"","stick-header-meta":"","header-above-stick-meta":"","header-main-stick-meta":"","header-below-stick-meta":"","astra-migrate-meta-layouts":"set","ast-page-background-enabled":"default","ast-page-background-meta":{"desktop":{"background-color":"var(--ast-global-color-4)","background-image":"","background-repeat":"repeat","background-position":"center center","background-size":"auto","background-attachment":"scroll","background-type":"","background-media":"","overlay-type":"","overlay-color":"","overlay-opacity":"","overlay-gradient":""},"tablet":{"background-color":"","background-image":"","background-repeat":"repeat","background-position":"center center","background-size":"auto","background-attachment":"scroll","background-type":"","background-media":"","overlay-type":"","overlay-color":"","overlay-opacity":"","overlay-gradient":""},"mobile":{"background-color":"","background-image":"","background-repeat":"repeat","background-position":"center center","background-size":"auto","background-attachment":"scroll","background-type":"","background-media":"","overlay-type":"","overlay-color":"","overlay-opacity":"","overlay-gradient":""}},"ast-content-background-meta":{"desktop":{"background-color":"var(--ast-global-color-5)","background-image":"","background-repeat":"repeat","background-position":"center center","background-size":"auto","background-attachment":"scroll","background-type":"","background-media":"","overlay-type":"","overlay-color":"","overlay-opacity":"","overlay-gradient":""},"tablet":{"background-color":"var(--ast-global-color-5)","background-image":"","background-repeat":"repeat","background-position":"center center","background-size":"auto","background-attachment":"scroll","background-type":"","background-media":"","overlay-type":"","overlay-color":"","overlay-opacity":"","overlay-gradient":""},"mobile":{"background-color":"var(--ast-global-color-5)","background-image":"","background-repeat":"repeat","background-position":"center center","background-size":"auto","background-attachment":"scroll","background-type":"","background-media":"","overlay-type":"","overlay-color":"","overlay-opacity":"","overlay-gradient":""}},"footnotes":""},"class_list":["post-31207","page","type-page","status-publish","hentry"],"_links":{"self":[{"href":"https:\/\/www.nordsinternational.com\/de\/wp-json\/wp\/v2\/pages\/31207","targetHints":{"allow":["GET"]}}],"collection":[{"href":"https:\/\/www.nordsinternational.com\/de\/wp-json\/wp\/v2\/pages"}],"about":[{"href":"https:\/\/www.nordsinternational.com\/de\/wp-json\/wp\/v2\/types\/page"}],"author":[{"embeddable":true,"href":"https:\/\/www.nordsinternational.com\/de\/wp-json\/wp\/v2\/users\/3"}],"replies":[{"embeddable":true,"href":"https:\/\/www.nordsinternational.com\/de\/wp-json\/wp\/v2\/comments?post=31207"}],"version-history":[{"count":0,"href":"https:\/\/www.nordsinternational.com\/de\/wp-json\/wp\/v2\/pages\/31207\/revisions"}],"wp:attachment":[{"href":"https:\/\/www.nordsinternational.com\/de\/wp-json\/wp\/v2\/media?parent=31207"}],"curies":[{"name":"wp","href":"https:\/\/api.w.org\/{rel}","templated":true}]}}