{"id":27616,"date":"2022-01-31T13:01:21","date_gmt":"2022-01-31T12:01:21","guid":{"rendered":"https:\/\/www.nordsinternational.com\/?page_id=27616"},"modified":"2026-01-12T15:49:06","modified_gmt":"2026-01-12T14:49:06","slug":"zertifikate","status":"publish","type":"page","link":"https:\/\/www.nordsinternational.com\/de\/ueber-nords\/zertifikate\/","title":{"rendered":"Zertifikate"},"content":{"rendered":"\t\t<div data-elementor-type=\"wp-page\" data-elementor-id=\"27616\" class=\"elementor elementor-27616 elementor-582\" data-elementor-post-type=\"page\">\n\t\t\t\t\t\t<section class=\"elementor-section elementor-top-section elementor-element elementor-element-4544cbc elementor-section-boxed elementor-section-height-default elementor-section-height-default\" data-id=\"4544cbc\" data-element_type=\"section\" data-e-type=\"section\">\n\t\t\t\t\t\t<div class=\"elementor-container elementor-column-gap-no\">\n\t\t\t\t\t<div class=\"elementor-column elementor-col-50 elementor-top-column elementor-element elementor-element-1307f59\" data-id=\"1307f59\" data-element_type=\"column\" data-e-type=\"column\">\n\t\t\t<div class=\"elementor-widget-wrap elementor-element-populated\">\n\t\t\t\t\t\t<div class=\"elementor-element elementor-element-61ab426 elementor-widget elementor-widget-heading\" data-id=\"61ab426\" data-element_type=\"widget\" data-e-type=\"widget\" data-widget_type=\"heading.default\">\n\t\t\t\t<div class=\"elementor-widget-container\">\n\t\t\t\t\t<h1 class=\"elementor-heading-title elementor-size-default\">Zertifikate<\/h1>\t\t\t\t<\/div>\n\t\t\t\t<\/div>\n\t\t\t\t<div class=\"elementor-element elementor-element-c162556 elementor-widget-divider--view-line elementor-widget elementor-widget-divider\" data-id=\"c162556\" data-element_type=\"widget\" data-e-type=\"widget\" data-widget_type=\"divider.default\">\n\t\t\t\t<div class=\"elementor-widget-container\">\n\t\t\t\t\t\t\t<div class=\"elementor-divider\">\n\t\t\t<span class=\"elementor-divider-separator\">\n\t\t\t\t\t\t<\/span>\n\t\t<\/div>\n\t\t\t\t\t\t<\/div>\n\t\t\t\t<\/div>\n\t\t\t\t<div class=\"elementor-element elementor-element-665b48a elementor-widget elementor-widget-heading\" data-id=\"665b48a\" data-element_type=\"widget\" data-e-type=\"widget\" data-widget_type=\"heading.default\">\n\t\t\t\t<div class=\"elementor-widget-container\">\n\t\t\t\t\t<h3 class=\"elementor-heading-title elementor-size-default\">Wir sind zertifiziert nach:<\/h3>\t\t\t\t<\/div>\n\t\t\t\t<\/div>\n\t\t\t\t<div class=\"elementor-element elementor-element-f9f9e73 elementor-widget elementor-widget-text-editor\" data-id=\"f9f9e73\" data-element_type=\"widget\" data-e-type=\"widget\" data-widget_type=\"text-editor.default\">\n\t\t\t\t<div class=\"elementor-widget-container\">\n\t\t\t\t\t\t\t\t\t<ul><li>SS-EN ISO 9001, Norm f\u00fcr Qualit\u00e4tsmanagement SS-EN ISO 14001, Norm f\u00fcr Umwelmanagement, genehmigt vom T\u00dcV Nord e.V.<\/li><li><span class=\"HwtZe\" lang=\"de\"><span class=\"jCAhz ChMk0b\"><span class=\"ryNqvb\">Wir fertigen Produkte gem\u00e4\u00df PED 2014\/68\/EU und verf\u00fcgen \u00fcber ein vom T\u00dcV Nord e.V. genehmigtes Qualit\u00e4tssystem f\u00fcr die Herstellung von Druckbeh\u00e4lterprodukten und -komponenten.<\/span><\/span><\/span><\/li><li>Wir sind zertifiziert nach AD2000-W0, zugelassen vom T\u00dcV Nord e.V.<\/li><li><span class=\"HwtZe\" lang=\"de\"><span class=\"jCAhz ChMk0b\"><span class=\"ryNqvb\">Unsere Produkte erf\u00fcllen die Anforderungen der europ\u00e4ischen Richtlinie 2015\/863 EU (RoHS III)<\/span><\/span><\/span><\/li><li>Wir befolgen die Vorschriften von Reach (1907\/2006\/EC)<\/li><\/ul>\t\t\t\t\t\t\t\t<\/div>\n\t\t\t\t<\/div>\n\t\t\t\t\t<\/div>\n\t\t<\/div>\n\t\t\t\t<div class=\"elementor-column elementor-col-50 elementor-top-column elementor-element elementor-element-61b293c\" data-id=\"61b293c\" data-element_type=\"column\" data-e-type=\"column\" data-settings=\"{&quot;background_background&quot;:&quot;classic&quot;}\">\n\t\t\t<div class=\"elementor-widget-wrap elementor-element-populated\">\n\t\t\t\t\t\t<div class=\"elementor-element elementor-element-04be029 elementor-widget elementor-widget-image\" data-id=\"04be029\" data-element_type=\"widget\" data-e-type=\"widget\" data-widget_type=\"image.default\">\n\t\t\t\t<div class=\"elementor-widget-container\">\n\t\t\t\t\t\t\t\t\t\t\t\t\t\t\t<img fetchpriority=\"high\" decoding=\"async\" width=\"602\" height=\"602\" src=\"https:\/\/www.nordsinternational.com\/wp-content\/uploads\/2022\/09\/tailormadefittings_img-3.jpg\" class=\"attachment-large size-large wp-image-5906\" alt=\"\" srcset=\"https:\/\/www.nordsinternational.com\/wp-content\/uploads\/2022\/09\/tailormadefittings_img-3.jpg 602w, https:\/\/www.nordsinternational.com\/wp-content\/uploads\/2022\/09\/tailormadefittings_img-3-300x300.jpg 300w, https:\/\/www.nordsinternational.com\/wp-content\/uploads\/2022\/09\/tailormadefittings_img-3-150x150.jpg 150w, https:\/\/www.nordsinternational.com\/wp-content\/uploads\/2022\/09\/tailormadefittings_img-3-600x600.jpg 600w, https:\/\/www.nordsinternational.com\/wp-content\/uploads\/2022\/09\/tailormadefittings_img-3-100x100.jpg 100w\" sizes=\"(max-width: 602px) 100vw, 602px\" \/>\t\t\t\t\t\t\t\t\t\t\t\t\t\t\t<\/div>\n\t\t\t\t<\/div>\n\t\t\t\t\t<\/div>\n\t\t<\/div>\n\t\t\t\t\t<\/div>\n\t\t<\/section>\n\t\t\t\t<section class=\"elementor-section elementor-top-section elementor-element elementor-element-3342cb08 elementor-section-boxed elementor-section-height-default elementor-section-height-default\" data-id=\"3342cb08\" data-element_type=\"section\" data-e-type=\"section\">\n\t\t\t\t\t\t<div class=\"elementor-container elementor-column-gap-default\">\n\t\t\t\t\t<div class=\"elementor-column elementor-col-50 elementor-top-column elementor-element elementor-element-61a54a0f\" data-id=\"61a54a0f\" data-element_type=\"column\" data-e-type=\"column\">\n\t\t\t<div class=\"elementor-widget-wrap elementor-element-populated\">\n\t\t\t\t\t\t<div class=\"elementor-element elementor-element-76b8392 elementor-widget elementor-widget-heading\" data-id=\"76b8392\" data-element_type=\"widget\" data-e-type=\"widget\" data-widget_type=\"heading.default\">\n\t\t\t\t<div class=\"elementor-widget-container\">\n\t\t\t\t\t<h2 class=\"elementor-heading-title elementor-size-default\">Herunterladen<\/h2>\t\t\t\t<\/div>\n\t\t\t\t<\/div>\n\t\t\t\t<div class=\"elementor-element elementor-element-f2d6f47 elementor-widget elementor-widget-text-editor\" data-id=\"f2d6f47\" data-element_type=\"widget\" data-e-type=\"widget\" data-widget_type=\"text-editor.default\">\n\t\t\t\t<div class=\"elementor-widget-container\">\n\t\t\t\t\t\t\t\t\t<ul><li style=\"list-style-type: none;\"><ul><li><a href=\"https:\/\/www.nordsinternational.com\/wp-content\/uploads\/2024\/05\/Cert-240426-914-German.pdf\" target=\"_blank\" rel=\"noopener\">EN ISO 9001:2015\u00a0 &#8211; EN ISO 14001:2015 DE<\/a>\u00a0(pdf)<\/li><li><a href=\"https:\/\/www.nordsinternational.com\/wp-content\/uploads\/2024\/01\/Nords-International-2024-Zertifikat-QM-Werkstoffhersteller-DGR_DE_EN_LiA.pdf\" target=\"_blank\" rel=\"noopener\">PED 2014\/68\/EU<\/a>\u00a0(pdf)<\/li><li><a href=\"https:\/\/www.nordsinternational.com\/wp-content\/uploads\/2024\/01\/Nords-International-2024-STH-W0-FB-320-AD2000-W0-Zertifikat_EN_Scope_1_LiA.pdf\" target=\"_blank\" rel=\"noopener\">AD 2000 Merkblatt W0<\/a>\u00a0(pdf)<\/li><li><a href=\"https:\/\/www.nordsinternational.com\/wp-content\/uploads\/2025\/09\/RoHS-REACH-Compliance-Statement-Nords-international-AB.pdf\" target=\"_blank\" rel=\"noopener noreferrer\">Reach Statement und ROHS 3<\/a> (pdf)<\/li><li><a href=\"https:\/\/www.nordsinternational.com\/wp-content\/uploads\/2026\/01\/EPD-document-EPD-IES-0022953_001-en.pdf\" target=\"_blank\" rel=\"noopener\">EPD for Pressed Collars and Tube Clamps <\/a>(pdf)<\/li><\/ul><\/li><\/ul>\t\t\t\t\t\t\t\t<\/div>\n\t\t\t\t<\/div>\n\t\t\t\t\t<\/div>\n\t\t<\/div>\n\t\t\t\t<div class=\"elementor-column elementor-col-50 elementor-top-column elementor-element elementor-element-594fa904\" data-id=\"594fa904\" data-element_type=\"column\" data-e-type=\"column\">\n\t\t\t<div class=\"elementor-widget-wrap\">\n\t\t\t\t\t\t\t<\/div>\n\t\t<\/div>\n\t\t\t\t\t<\/div>\n\t\t<\/section>\n\t\t\t\t<\/div>\n\t\t","protected":false},"excerpt":{"rendered":"<p>Zertifikate Wir sind zertifiziert nach: SS-EN ISO 9001, Norm f\u00fcr Qualit\u00e4tsmanagement SS-EN ISO 14001, Norm f\u00fcr Umwelmanagement, genehmigt vom T\u00dcV Nord e.V. Wir fertigen Produkte gem\u00e4\u00df PED 2014\/68\/EU und verf\u00fcgen \u00fcber ein vom T\u00dcV Nord e.V. genehmigtes Qualit\u00e4tssystem f\u00fcr die Herstellung von Druckbeh\u00e4lterprodukten und -komponenten. Wir sind zertifiziert nach AD2000-W0, zugelassen vom T\u00dcV Nord e.V. [&hellip;]<\/p>\n","protected":false},"author":3,"featured_media":0,"parent":23769,"menu_order":0,"comment_status":"closed","ping_status":"closed","template":"elementor_header_footer","meta":{"site-sidebar-layout":"default","site-content-layout":"","ast-site-content-layout":"default","site-content-style":"default","site-sidebar-style":"default","ast-global-header-display":"","ast-banner-title-visibility":"","ast-main-header-display":"","ast-hfb-above-header-display":"","ast-hfb-below-header-display":"","ast-hfb-mobile-header-display":"","site-post-title":"disabled","ast-breadcrumbs-content":"","ast-featured-img":"","footer-sml-layout":"","ast-disable-related-posts":"","theme-transparent-header-meta":"","adv-header-id-meta":"","stick-header-meta":"","header-above-stick-meta":"","header-main-stick-meta":"","header-below-stick-meta":"","astra-migrate-meta-layouts":"default","ast-page-background-enabled":"default","ast-page-background-meta":{"desktop":{"background-color":"var(--ast-global-color-4)","background-image":"","background-repeat":"repeat","background-position":"center center","background-size":"auto","background-attachment":"scroll","background-type":"","background-media":"","overlay-type":"","overlay-color":"","overlay-opacity":"","overlay-gradient":""},"tablet":{"background-color":"","background-image":"","background-repeat":"repeat","background-position":"center center","background-size":"auto","background-attachment":"scroll","background-type":"","background-media":"","overlay-type":"","overlay-color":"","overlay-opacity":"","overlay-gradient":""},"mobile":{"background-color":"","background-image":"","background-repeat":"repeat","background-position":"center center","background-size":"auto","background-attachment":"scroll","background-type":"","background-media":"","overlay-type":"","overlay-color":"","overlay-opacity":"","overlay-gradient":""}},"ast-content-background-meta":{"desktop":{"background-color":"var(--ast-global-color-5)","background-image":"","background-repeat":"repeat","background-position":"center center","background-size":"auto","background-attachment":"scroll","background-type":"","background-media":"","overlay-type":"","overlay-color":"","overlay-opacity":"","overlay-gradient":""},"tablet":{"background-color":"var(--ast-global-color-5)","background-image":"","background-repeat":"repeat","background-position":"center center","background-size":"auto","background-attachment":"scroll","background-type":"","background-media":"","overlay-type":"","overlay-color":"","overlay-opacity":"","overlay-gradient":""},"mobile":{"background-color":"var(--ast-global-color-5)","background-image":"","background-repeat":"repeat","background-position":"center center","background-size":"auto","background-attachment":"scroll","background-type":"","background-media":"","overlay-type":"","overlay-color":"","overlay-opacity":"","overlay-gradient":""}},"footnotes":""},"class_list":["post-27616","page","type-page","status-publish","hentry"],"_links":{"self":[{"href":"https:\/\/www.nordsinternational.com\/de\/wp-json\/wp\/v2\/pages\/27616","targetHints":{"allow":["GET"]}}],"collection":[{"href":"https:\/\/www.nordsinternational.com\/de\/wp-json\/wp\/v2\/pages"}],"about":[{"href":"https:\/\/www.nordsinternational.com\/de\/wp-json\/wp\/v2\/types\/page"}],"author":[{"embeddable":true,"href":"https:\/\/www.nordsinternational.com\/de\/wp-json\/wp\/v2\/users\/3"}],"replies":[{"embeddable":true,"href":"https:\/\/www.nordsinternational.com\/de\/wp-json\/wp\/v2\/comments?post=27616"}],"version-history":[{"count":0,"href":"https:\/\/www.nordsinternational.com\/de\/wp-json\/wp\/v2\/pages\/27616\/revisions"}],"up":[{"embeddable":true,"href":"https:\/\/www.nordsinternational.com\/de\/wp-json\/wp\/v2\/pages\/23769"}],"wp:attachment":[{"href":"https:\/\/www.nordsinternational.com\/de\/wp-json\/wp\/v2\/media?parent=27616"}],"curies":[{"name":"wp","href":"https:\/\/api.w.org\/{rel}","templated":true}]}}