{"id":24190,"date":"2022-03-15T06:58:04","date_gmt":"2022-03-15T05:58:04","guid":{"rendered":"https:\/\/www.nordsinternational.com\/?page_id=24190"},"modified":"2025-01-15T11:57:49","modified_gmt":"2025-01-15T10:57:49","slug":"nachhaltigkeit","status":"publish","type":"page","link":"https:\/\/www.nordsinternational.com\/de\/nachhaltigkeit\/","title":{"rendered":"Nachhaltigkeit"},"content":{"rendered":"\t\t<div data-elementor-type=\"wp-page\" data-elementor-id=\"24190\" class=\"elementor elementor-24190 elementor-2243\" data-elementor-post-type=\"page\">\n\t\t\t\t\t\t<section class=\"elementor-section elementor-top-section elementor-element elementor-element-f9c9fdc elementor-section-boxed elementor-section-height-default elementor-section-height-default\" data-id=\"f9c9fdc\" data-element_type=\"section\" data-e-type=\"section\">\n\t\t\t\t\t\t<div class=\"elementor-container elementor-column-gap-no\">\n\t\t\t\t\t<div class=\"elementor-column elementor-col-50 elementor-top-column elementor-element elementor-element-b3143f6\" data-id=\"b3143f6\" data-element_type=\"column\" data-e-type=\"column\">\n\t\t\t<div class=\"elementor-widget-wrap elementor-element-populated\">\n\t\t\t\t\t\t<div class=\"elementor-element elementor-element-d57c0e8 elementor-widget elementor-widget-heading\" data-id=\"d57c0e8\" data-element_type=\"widget\" data-e-type=\"widget\" data-widget_type=\"heading.default\">\n\t\t\t\t<div class=\"elementor-widget-container\">\n\t\t\t\t\t<h1 class=\"elementor-heading-title elementor-size-default\">Nachhaltigkeit<\/h1>\t\t\t\t<\/div>\n\t\t\t\t<\/div>\n\t\t\t\t<div class=\"elementor-element elementor-element-d58de7e elementor-widget-divider--view-line elementor-widget elementor-widget-divider\" data-id=\"d58de7e\" data-element_type=\"widget\" data-e-type=\"widget\" data-widget_type=\"divider.default\">\n\t\t\t\t<div class=\"elementor-widget-container\">\n\t\t\t\t\t\t\t<div class=\"elementor-divider\">\n\t\t\t<span class=\"elementor-divider-separator\">\n\t\t\t\t\t\t<\/span>\n\t\t<\/div>\n\t\t\t\t\t\t<\/div>\n\t\t\t\t<\/div>\n\t\t\t\t<div class=\"elementor-element elementor-element-424d320 elementor-widget elementor-widget-text-editor\" data-id=\"424d320\" data-element_type=\"widget\" data-e-type=\"widget\" data-widget_type=\"text-editor.default\">\n\t\t\t\t<div class=\"elementor-widget-container\">\n\t\t\t\t\t\t\t\t\t<p>Nachhaltigkeit liegt uns am Herzen.<\/p><p>Die Nords-Gruppe liefert hochwertige Edelstahlprodukte mit langer Lebensdauer, die unseren Kunden einen sicheren, zuverl\u00e4ssigen und effizienten Betrieb erm\u00f6glichen. Unsere Produkte sind aus Edelstahl hergestellt und somit recylcingsbar.<\/p><p>Seit der Gr\u00fcndung im Jahr 1904 haben wir uns bem\u00fcht, einen sicheren Arbeitsplatz zu schaffen, an dem Menschen wachsen und sich entwickeln k\u00f6nnen. Wir w\u00e4hlen Chemikalien und Energiel\u00f6sungen sorgf\u00e4ltig, mit Fokus auf einer minimalen Umweltbelastung, aus. Wir haben einen langen Weg zur\u00fcckgelegt, um sowohl CO2 als auch Einwegkunststoffe zu reduzieren.<\/p><p>Wir sind seit 2002 nach ISO 14001 zertifiziert und haben unsere Nachhaltigkeit kontinuierlich verbessert.<\/p><p>Im Jahr 2021 haben wir unseren Blick auf Nachhaltigkeit erweitert, indem wir unsere Firmenbesitzer, Mitarbeiter, Kunden, Lieferanten und die Umgebung um uns herum einbezogen haben. Lesen Sie weiter unten mehr \u00fcber unsere Ergebnisse und unseren zuk\u00fcnftigen Fokus.<\/p>\t\t\t\t\t\t\t\t<\/div>\n\t\t\t\t<\/div>\n\t\t\t\t\t<\/div>\n\t\t<\/div>\n\t\t\t\t<div class=\"elementor-column elementor-col-50 elementor-top-column elementor-element elementor-element-5520163\" data-id=\"5520163\" data-element_type=\"column\" data-e-type=\"column\" data-settings=\"{&quot;background_background&quot;:&quot;classic&quot;}\">\n\t\t\t<div class=\"elementor-widget-wrap elementor-element-populated\">\n\t\t\t\t\t\t<div class=\"elementor-element elementor-element-53a567f elementor-widget elementor-widget-image\" data-id=\"53a567f\" data-element_type=\"widget\" data-e-type=\"widget\" data-widget_type=\"image.default\">\n\t\t\t\t<div class=\"elementor-widget-container\">\n\t\t\t\t\t\t\t\t\t\t\t\t\t\t\t<img fetchpriority=\"high\" decoding=\"async\" width=\"1200\" height=\"1200\" src=\"https:\/\/www.nordsinternational.com\/wp-content\/uploads\/2022\/05\/hallbarhet-foto-1-1200x1200.jpg\" class=\"attachment-large size-large wp-image-3153\" alt=\"\" srcset=\"https:\/\/www.nordsinternational.com\/wp-content\/uploads\/2022\/05\/hallbarhet-foto-1.jpg 1200w, https:\/\/www.nordsinternational.com\/wp-content\/uploads\/2022\/05\/hallbarhet-foto-1-300x300.jpg 300w, https:\/\/www.nordsinternational.com\/wp-content\/uploads\/2022\/05\/hallbarhet-foto-1-100x100.jpg 100w, https:\/\/www.nordsinternational.com\/wp-content\/uploads\/2022\/05\/hallbarhet-foto-1-600x600.jpg 600w, https:\/\/www.nordsinternational.com\/wp-content\/uploads\/2022\/05\/hallbarhet-foto-1-150x150.jpg 150w, https:\/\/www.nordsinternational.com\/wp-content\/uploads\/2022\/05\/hallbarhet-foto-1-768x768.jpg 768w\" sizes=\"(max-width: 1200px) 100vw, 1200px\" \/>\t\t\t\t\t\t\t\t\t\t\t\t\t\t\t<\/div>\n\t\t\t\t<\/div>\n\t\t\t\t\t<\/div>\n\t\t<\/div>\n\t\t\t\t\t<\/div>\n\t\t<\/section>\n\t\t\t\t<section class=\"elementor-section elementor-top-section elementor-element elementor-element-7d05ebd elementor-section-stretched elementor-section-boxed elementor-section-height-default elementor-section-height-default\" data-id=\"7d05ebd\" data-element_type=\"section\" data-e-type=\"section\" data-settings=\"{&quot;background_background&quot;:&quot;classic&quot;,&quot;stretch_section&quot;:&quot;section-stretched&quot;}\">\n\t\t\t\t\t\t<div class=\"elementor-container elementor-column-gap-no\">\n\t\t\t\t\t<div class=\"elementor-column elementor-col-100 elementor-top-column elementor-element elementor-element-382367f\" data-id=\"382367f\" data-element_type=\"column\" data-e-type=\"column\">\n\t\t\t<div class=\"elementor-widget-wrap elementor-element-populated\">\n\t\t\t\t\t\t<div class=\"elementor-element elementor-element-268b81b elementor-widget elementor-widget-heading\" data-id=\"268b81b\" data-element_type=\"widget\" data-e-type=\"widget\" data-widget_type=\"heading.default\">\n\t\t\t\t<div class=\"elementor-widget-container\">\n\t\t\t\t\t<h2 class=\"elementor-heading-title elementor-size-default\">Unsere Nachhaltigkeitsziele in 6 Schwerpunktbereichen<\/h2>\t\t\t\t<\/div>\n\t\t\t\t<\/div>\n\t\t\t\t<section class=\"elementor-section elementor-inner-section elementor-element elementor-element-5ec8d07 elementor-section-boxed elementor-section-height-default elementor-section-height-default\" data-id=\"5ec8d07\" data-element_type=\"section\" data-e-type=\"section\">\n\t\t\t\t\t\t<div class=\"elementor-container elementor-column-gap-no\">\n\t\t\t\t\t<div class=\"elementor-column elementor-col-33 elementor-inner-column elementor-element elementor-element-4af0055\" data-id=\"4af0055\" data-element_type=\"column\" data-e-type=\"column\">\n\t\t\t<div class=\"elementor-widget-wrap elementor-element-populated\">\n\t\t\t\t\t\t<div class=\"elementor-element elementor-element-60b5e33 elementor-widget elementor-widget-text-editor\" data-id=\"60b5e33\" data-element_type=\"widget\" data-e-type=\"widget\" data-widget_type=\"text-editor.default\">\n\t\t\t\t<div class=\"elementor-widget-container\">\n\t\t\t\t\t\t\t\t\t<p><b>Gesundheit &amp; Wohlbefinden<br \/><\/b>Bei Nords haben wir ein sicheres Arbeitsumfeld ohne arbeitsbedingte Krankheitsunf\u00e4lle. Unsere Mitarbeiten sind gesund und gl\u00fccklich bei der Arbeit<br \/>0 Unf\u00e4lle, Krankenstand &lt;3%.<\/p><p><b>Reduzieren des eigenen CO<\/b><b>2<\/b><b>-Ausstosses<br \/><\/b>Wir m\u00fcssen in unseren eigenen Betrieben klimaneutral sein (Scope 1 &amp; 2). <br \/>CO<sub>2<\/sub>e = 0 Jahr 2024.<\/p><p><b>Reduzieren der Emissionen bei unseren Transporten<br \/><\/b><span class=\"HwtZe\" lang=\"de\"><span class=\"jCAhz ChMk0b\"><span class=\"ryNqvb\">Wir m\u00fcssen die CO2-Emissionen durch Transport, Reisen und Arbeitswege reduzieren<\/span><\/span><\/span> (Scope 3).<\/p>\t\t\t\t\t\t\t\t<\/div>\n\t\t\t\t<\/div>\n\t\t\t\t\t<\/div>\n\t\t<\/div>\n\t\t\t\t<div class=\"elementor-column elementor-col-33 elementor-inner-column elementor-element elementor-element-3e4bf5a\" data-id=\"3e4bf5a\" data-element_type=\"column\" data-e-type=\"column\">\n\t\t\t<div class=\"elementor-widget-wrap elementor-element-populated\">\n\t\t\t\t\t\t<div class=\"elementor-element elementor-element-2781512 elementor-widget elementor-widget-image\" data-id=\"2781512\" data-element_type=\"widget\" data-e-type=\"widget\" data-widget_type=\"image.default\">\n\t\t\t\t<div class=\"elementor-widget-container\">\n\t\t\t\t\t\t\t\t\t\t\t\t\t\t\t<img decoding=\"async\" width=\"1164\" height=\"1200\" src=\"https:\/\/www.nordsinternational.com\/wp-content\/uploads\/2022\/05\/hallbarhet-1.png\" class=\"attachment-large size-large wp-image-3135\" alt=\"\" srcset=\"https:\/\/www.nordsinternational.com\/wp-content\/uploads\/2022\/05\/hallbarhet-1.png 1775w, https:\/\/www.nordsinternational.com\/wp-content\/uploads\/2022\/05\/hallbarhet-1-600x619.png 600w, https:\/\/www.nordsinternational.com\/wp-content\/uploads\/2022\/05\/hallbarhet-1-768x792.png 768w, https:\/\/www.nordsinternational.com\/wp-content\/uploads\/2022\/05\/hallbarhet-1-1490x1536.png 1490w\" sizes=\"(max-width: 1164px) 100vw, 1164px\" \/>\t\t\t\t\t\t\t\t\t\t\t\t\t\t\t<\/div>\n\t\t\t\t<\/div>\n\t\t\t\t\t<\/div>\n\t\t<\/div>\n\t\t\t\t<div class=\"elementor-column elementor-col-33 elementor-inner-column elementor-element elementor-element-674f68e\" data-id=\"674f68e\" data-element_type=\"column\" data-e-type=\"column\">\n\t\t\t<div class=\"elementor-widget-wrap elementor-element-populated\">\n\t\t\t\t\t\t<div class=\"elementor-element elementor-element-edd7e9f elementor-widget elementor-widget-text-editor\" data-id=\"edd7e9f\" data-element_type=\"widget\" data-e-type=\"widget\" data-widget_type=\"text-editor.default\">\n\t\t\t\t<div class=\"elementor-widget-container\">\n\t\t\t\t\t\t\t\t\t<p><b>Abfall reduzieren &amp; recyclen<br \/><\/b>Wir werden den Abfall aus unseren Betrieben reduzieren und den Rohstoffaustausch optimieren &#8222;Right from the start&#8220;.<\/p><p><b>Integrierte Nachhaltigkeitsarbeit<br \/><\/b><span class=\"HwtZe\" lang=\"de\"><span class=\"jCAhz ChMk0b\"><span class=\"ryNqvb\">Nords muss \u00fcber eine zertifizierte, integrierte Nachhaltigkeitsarbeit durch engagierte und stolze Mitarbeiter verf\u00fcgen.<\/span><\/span><\/span><\/p><p><b>Zirkularitet<br \/><\/b><span class=\"HwtZe\" lang=\"de\"><span class=\"jCAhz ChMk0b\"><span class=\"ryNqvb\">Wir suchen nach M\u00f6glichkeiten, unsere Zirkularit\u00e4t zu verbessern, und es unseren Kunden zu erleichtern, unsere Produkte und Materialien wiederzuverwenden und zu recyceln.<\/span><\/span><\/span><\/p>\t\t\t\t\t\t\t\t<\/div>\n\t\t\t\t<\/div>\n\t\t\t\t\t<\/div>\n\t\t<\/div>\n\t\t\t\t\t<\/div>\n\t\t<\/section>\n\t\t\t\t\t<\/div>\n\t\t<\/div>\n\t\t\t\t\t<\/div>\n\t\t<\/section>\n\t\t\t\t<section class=\"elementor-section elementor-top-section elementor-element elementor-element-98bff75 elementor-section-boxed elementor-section-height-default elementor-section-height-default\" data-id=\"98bff75\" data-element_type=\"section\" data-e-type=\"section\">\n\t\t\t\t\t\t<div class=\"elementor-container elementor-column-gap-default\">\n\t\t\t\t\t<div class=\"elementor-column elementor-col-50 elementor-top-column elementor-element elementor-element-74665f9\" data-id=\"74665f9\" data-element_type=\"column\" data-e-type=\"column\">\n\t\t\t<div class=\"elementor-widget-wrap elementor-element-populated\">\n\t\t\t\t\t\t<div class=\"elementor-element elementor-element-1aa60e4 elementor-widget elementor-widget-heading\" data-id=\"1aa60e4\" data-element_type=\"widget\" data-e-type=\"widget\" data-widget_type=\"heading.default\">\n\t\t\t\t<div class=\"elementor-widget-container\">\n\t\t\t\t\t<h3 class=\"elementor-heading-title elementor-size-default\">Bisherige Aktionen (PDCA)\n<\/h3>\t\t\t\t<\/div>\n\t\t\t\t<\/div>\n\t\t\t\t<div class=\"elementor-element elementor-element-f868d57 elementor-widget elementor-widget-image\" data-id=\"f868d57\" data-element_type=\"widget\" data-e-type=\"widget\" data-widget_type=\"image.default\">\n\t\t\t\t<div class=\"elementor-widget-container\">\n\t\t\t\t\t\t\t\t\t\t\t\t\t\t\t<img decoding=\"async\" width=\"769\" height=\"821\" src=\"https:\/\/www.nordsinternational.com\/wp-content\/uploads\/2025\/01\/Action-GB.png\" class=\"attachment-large size-large wp-image-35381\" alt=\"\" srcset=\"https:\/\/www.nordsinternational.com\/wp-content\/uploads\/2025\/01\/Action-GB.png 769w, https:\/\/www.nordsinternational.com\/wp-content\/uploads\/2025\/01\/Action-GB-281x300.png 281w, https:\/\/www.nordsinternational.com\/wp-content\/uploads\/2025\/01\/Action-GB-600x641.png 600w\" sizes=\"(max-width: 769px) 100vw, 769px\" \/>\t\t\t\t\t\t\t\t\t\t\t\t\t\t\t<\/div>\n\t\t\t\t<\/div>\n\t\t\t\t\t<\/div>\n\t\t<\/div>\n\t\t\t\t<div class=\"elementor-column elementor-col-50 elementor-top-column elementor-element elementor-element-0a8b6fc\" data-id=\"0a8b6fc\" data-element_type=\"column\" data-e-type=\"column\">\n\t\t\t<div class=\"elementor-widget-wrap elementor-element-populated\">\n\t\t\t\t\t\t<div class=\"elementor-element elementor-element-660c81d elementor-widget elementor-widget-heading\" data-id=\"660c81d\" data-element_type=\"widget\" data-e-type=\"widget\" data-widget_type=\"heading.default\">\n\t\t\t\t<div class=\"elementor-widget-container\">\n\t\t\t\t\t<h3 class=\"elementor-heading-title elementor-size-default\">CO2 REDUKTION SCOPE 1&amp;2<\/h3>\t\t\t\t<\/div>\n\t\t\t\t<\/div>\n\t\t\t\t<div class=\"elementor-element elementor-element-94e1fca elementor-widget elementor-widget-image\" data-id=\"94e1fca\" data-element_type=\"widget\" data-e-type=\"widget\" data-widget_type=\"image.default\">\n\t\t\t\t<div class=\"elementor-widget-container\">\n\t\t\t\t\t\t\t\t\t\t\t\t\t\t\t<img loading=\"lazy\" decoding=\"async\" width=\"1147\" height=\"820\" src=\"https:\/\/www.nordsinternational.com\/wp-content\/uploads\/2025\/01\/28-ton-GB.png\" class=\"attachment-large size-large wp-image-35363\" alt=\"\" srcset=\"https:\/\/www.nordsinternational.com\/wp-content\/uploads\/2025\/01\/28-ton-GB.png 1147w, https:\/\/www.nordsinternational.com\/wp-content\/uploads\/2025\/01\/28-ton-GB-300x214.png 300w, https:\/\/www.nordsinternational.com\/wp-content\/uploads\/2025\/01\/28-ton-GB-768x549.png 768w, https:\/\/www.nordsinternational.com\/wp-content\/uploads\/2025\/01\/28-ton-GB-600x429.png 600w\" sizes=\"(max-width: 1147px) 100vw, 1147px\" \/>\t\t\t\t\t\t\t\t\t\t\t\t\t\t\t<\/div>\n\t\t\t\t<\/div>\n\t\t\t\t\t<\/div>\n\t\t<\/div>\n\t\t\t\t\t<\/div>\n\t\t<\/section>\n\t\t\t\t<section class=\"elementor-section elementor-top-section elementor-element elementor-element-6c65be4 elementor-section-boxed elementor-section-height-default elementor-section-height-default\" data-id=\"6c65be4\" data-element_type=\"section\" data-e-type=\"section\">\n\t\t\t\t\t\t<div class=\"elementor-container elementor-column-gap-default\">\n\t\t\t\t\t<div class=\"elementor-column elementor-col-100 elementor-top-column elementor-element elementor-element-c041837\" data-id=\"c041837\" data-element_type=\"column\" data-e-type=\"column\">\n\t\t\t<div class=\"elementor-widget-wrap elementor-element-populated\">\n\t\t\t\t\t\t<div class=\"elementor-element elementor-element-5dc19e0 elementor-widget elementor-widget-text-editor\" data-id=\"5dc19e0\" data-element_type=\"widget\" data-e-type=\"widget\" data-widget_type=\"text-editor.default\">\n\t\t\t\t<div class=\"elementor-widget-container\">\n\t\t\t\t\t\t\t\t\t<p><em>F\u00fcr gr\u00f6sseres Bild bitte hier klicken<\/em><\/p>\t\t\t\t\t\t\t\t<\/div>\n\t\t\t\t<\/div>\n\t\t\t\t\t<\/div>\n\t\t<\/div>\n\t\t\t\t\t<\/div>\n\t\t<\/section>\n\t\t\t\t<\/div>\n\t\t","protected":false},"excerpt":{"rendered":"<p>Nachhaltigkeit Nachhaltigkeit liegt uns am Herzen. Die Nords-Gruppe liefert hochwertige Edelstahlprodukte mit langer Lebensdauer, die unseren Kunden einen sicheren, zuverl\u00e4ssigen und effizienten Betrieb erm\u00f6glichen. Unsere Produkte sind aus Edelstahl hergestellt und somit recylcingsbar. Seit der Gr\u00fcndung im Jahr 1904 haben wir uns bem\u00fcht, einen sicheren Arbeitsplatz zu schaffen, an dem Menschen wachsen und sich entwickeln [&hellip;]<\/p>\n","protected":false},"author":3,"featured_media":0,"parent":0,"menu_order":450,"comment_status":"closed","ping_status":"closed","template":"elementor_header_footer","meta":{"site-sidebar-layout":"default","site-content-layout":"","ast-site-content-layout":"default","site-content-style":"default","site-sidebar-style":"default","ast-global-header-display":"","ast-banner-title-visibility":"","ast-main-header-display":"","ast-hfb-above-header-display":"","ast-hfb-below-header-display":"","ast-hfb-mobile-header-display":"","site-post-title":"","ast-breadcrumbs-content":"","ast-featured-img":"","footer-sml-layout":"","ast-disable-related-posts":"","theme-transparent-header-meta":"","adv-header-id-meta":"","stick-header-meta":"","header-above-stick-meta":"","header-main-stick-meta":"","header-below-stick-meta":"","astra-migrate-meta-layouts":"default","ast-page-background-enabled":"default","ast-page-background-meta":{"desktop":{"background-color":"var(--ast-global-color-4)","background-image":"","background-repeat":"repeat","background-position":"center center","background-size":"auto","background-attachment":"scroll","background-type":"","background-media":"","overlay-type":"","overlay-color":"","overlay-opacity":"","overlay-gradient":""},"tablet":{"background-color":"","background-image":"","background-repeat":"repeat","background-position":"center center","background-size":"auto","background-attachment":"scroll","background-type":"","background-media":"","overlay-type":"","overlay-color":"","overlay-opacity":"","overlay-gradient":""},"mobile":{"background-color":"","background-image":"","background-repeat":"repeat","background-position":"center center","background-size":"auto","background-attachment":"scroll","background-type":"","background-media":"","overlay-type":"","overlay-color":"","overlay-opacity":"","overlay-gradient":""}},"ast-content-background-meta":{"desktop":{"background-color":"var(--ast-global-color-5)","background-image":"","background-repeat":"repeat","background-position":"center center","background-size":"auto","background-attachment":"scroll","background-type":"","background-media":"","overlay-type":"","overlay-color":"","overlay-opacity":"","overlay-gradient":""},"tablet":{"background-color":"var(--ast-global-color-5)","background-image":"","background-repeat":"repeat","background-position":"center center","background-size":"auto","background-attachment":"scroll","background-type":"","background-media":"","overlay-type":"","overlay-color":"","overlay-opacity":"","overlay-gradient":""},"mobile":{"background-color":"var(--ast-global-color-5)","background-image":"","background-repeat":"repeat","background-position":"center center","background-size":"auto","background-attachment":"scroll","background-type":"","background-media":"","overlay-type":"","overlay-color":"","overlay-opacity":"","overlay-gradient":""}},"footnotes":""},"class_list":["post-24190","page","type-page","status-publish","hentry"],"_links":{"self":[{"href":"https:\/\/www.nordsinternational.com\/de\/wp-json\/wp\/v2\/pages\/24190","targetHints":{"allow":["GET"]}}],"collection":[{"href":"https:\/\/www.nordsinternational.com\/de\/wp-json\/wp\/v2\/pages"}],"about":[{"href":"https:\/\/www.nordsinternational.com\/de\/wp-json\/wp\/v2\/types\/page"}],"author":[{"embeddable":true,"href":"https:\/\/www.nordsinternational.com\/de\/wp-json\/wp\/v2\/users\/3"}],"replies":[{"embeddable":true,"href":"https:\/\/www.nordsinternational.com\/de\/wp-json\/wp\/v2\/comments?post=24190"}],"version-history":[{"count":0,"href":"https:\/\/www.nordsinternational.com\/de\/wp-json\/wp\/v2\/pages\/24190\/revisions"}],"wp:attachment":[{"href":"https:\/\/www.nordsinternational.com\/de\/wp-json\/wp\/v2\/media?parent=24190"}],"curies":[{"name":"wp","href":"https:\/\/api.w.org\/{rel}","templated":true}]}}