{"id":24169,"date":"2022-02-24T13:20:45","date_gmt":"2022-02-24T12:20:45","guid":{"rendered":"https:\/\/www.nordsinternational.com\/?page_id=24169"},"modified":"2023-09-11T13:03:03","modified_gmt":"2023-09-11T11:03:03","slug":"sonderanfertigungen","status":"publish","type":"page","link":"https:\/\/www.nordsinternational.com\/de\/produkte\/sonderanfertigungen\/","title":{"rendered":"Sonderanfertigungen"},"content":{"rendered":"\t\t<div data-elementor-type=\"wp-page\" data-elementor-id=\"24169\" class=\"elementor elementor-24169 elementor-1781\" data-elementor-post-type=\"page\">\n\t\t\t\t\t\t<section class=\"elementor-section elementor-top-section elementor-element elementor-element-4d22984 elementor-section-full_width elementor-section-stretched elementor-section-height-min-height elementor-section-height-default elementor-section-items-middle\" data-id=\"4d22984\" data-element_type=\"section\" data-e-type=\"section\" data-settings=\"{&quot;background_background&quot;:&quot;classic&quot;,&quot;stretch_section&quot;:&quot;section-stretched&quot;}\">\n\t\t\t\t\t\t\t<div class=\"elementor-background-overlay\"><\/div>\n\t\t\t\t\t\t\t<div class=\"elementor-container elementor-column-gap-no\">\n\t\t\t\t\t<div class=\"elementor-column elementor-col-100 elementor-top-column elementor-element elementor-element-d97f99c\" data-id=\"d97f99c\" data-element_type=\"column\" data-e-type=\"column\" data-settings=\"{&quot;background_background&quot;:&quot;classic&quot;}\">\n\t\t\t<div class=\"elementor-widget-wrap elementor-element-populated\">\n\t\t\t\t\t\t<div class=\"elementor-element elementor-element-c8bec6b elementor-widget elementor-widget-heading\" data-id=\"c8bec6b\" data-element_type=\"widget\" data-e-type=\"widget\" data-widget_type=\"heading.default\">\n\t\t\t\t<div class=\"elementor-widget-container\">\n\t\t\t\t\t<h2 class=\"elementor-heading-title elementor-size-default\">Sonderanfertigungen<\/h2>\t\t\t\t<\/div>\n\t\t\t\t<\/div>\n\t\t\t\t<div class=\"elementor-element elementor-element-30233e0 elementor-widget elementor-widget-heading\" data-id=\"30233e0\" data-element_type=\"widget\" data-e-type=\"widget\" data-widget_type=\"heading.default\">\n\t\t\t\t<div class=\"elementor-widget-container\">\n\t\t\t\t\t<h4 class=\"elementor-heading-title elementor-size-default\">Weitere Produktkategorien<\/h4>\t\t\t\t<\/div>\n\t\t\t\t<\/div>\n\t\t\t\t<div class=\"elementor-element elementor-element-f4f340e elementor-align-left elementor-tablet-align-center elementor-widget__width-auto elementor-widget elementor-widget-button\" data-id=\"f4f340e\" data-element_type=\"widget\" data-e-type=\"widget\" data-widget_type=\"button.default\">\n\t\t\t\t<div class=\"elementor-widget-container\">\n\t\t\t\t\t\t\t\t\t<div class=\"elementor-button-wrapper\">\n\t\t\t\t\t<a class=\"elementor-button elementor-button-link elementor-size-sm\" href=\"https:\/\/www.nordsinternational.com\/de\/kategorie\/gewindefittings\/\">\n\t\t\t\t\t\t<span class=\"elementor-button-content-wrapper\">\n\t\t\t\t\t\t<span class=\"elementor-button-icon\">\n\t\t\t\t<i aria-hidden=\"true\" class=\"fas fa-angle-double-right\"><\/i>\t\t\t<\/span>\n\t\t\t\t\t\t\t\t\t<span class=\"elementor-button-text\">Gewindefittings<\/span>\n\t\t\t\t\t<\/span>\n\t\t\t\t\t<\/a>\n\t\t\t\t<\/div>\n\t\t\t\t\t\t\t\t<\/div>\n\t\t\t\t<\/div>\n\t\t\t\t<div class=\"elementor-element elementor-element-bf1c143 elementor-align-left elementor-tablet-align-center elementor-widget__width-auto elementor-widget elementor-widget-button\" data-id=\"bf1c143\" data-element_type=\"widget\" data-e-type=\"widget\" data-widget_type=\"button.default\">\n\t\t\t\t<div class=\"elementor-widget-container\">\n\t\t\t\t\t\t\t\t\t<div class=\"elementor-button-wrapper\">\n\t\t\t\t\t<a class=\"elementor-button elementor-button-link elementor-size-sm\" href=\"https:\/\/www.nordsinternational.com\/de\/kategorie\/union-l-de\/\">\n\t\t\t\t\t\t<span class=\"elementor-button-content-wrapper\">\n\t\t\t\t\t\t<span class=\"elementor-button-icon\">\n\t\t\t\t<i aria-hidden=\"true\" class=\"fas fa-angle-double-right\"><\/i>\t\t\t<\/span>\n\t\t\t\t\t\t\t\t\t<span class=\"elementor-button-text\">Union L<\/span>\n\t\t\t\t\t<\/span>\n\t\t\t\t\t<\/a>\n\t\t\t\t<\/div>\n\t\t\t\t\t\t\t\t<\/div>\n\t\t\t\t<\/div>\n\t\t\t\t<div class=\"elementor-element elementor-element-60277ee elementor-align-left elementor-tablet-align-center elementor-widget__width-auto elementor-widget elementor-widget-button\" data-id=\"60277ee\" data-element_type=\"widget\" data-e-type=\"widget\" data-widget_type=\"button.default\">\n\t\t\t\t<div class=\"elementor-widget-container\">\n\t\t\t\t\t\t\t\t\t<div class=\"elementor-button-wrapper\">\n\t\t\t\t\t<a class=\"elementor-button elementor-button-link elementor-size-sm\" href=\"https:\/\/www.nordsinternational.com\/de\/kategorie\/rohrschellen\/\">\n\t\t\t\t\t\t<span class=\"elementor-button-content-wrapper\">\n\t\t\t\t\t\t<span class=\"elementor-button-icon\">\n\t\t\t\t<i aria-hidden=\"true\" class=\"fas fa-angle-double-right\"><\/i>\t\t\t<\/span>\n\t\t\t\t\t\t\t\t\t<span class=\"elementor-button-text\"> Rohrschellen<\/span>\n\t\t\t\t\t<\/span>\n\t\t\t\t\t<\/a>\n\t\t\t\t<\/div>\n\t\t\t\t\t\t\t\t<\/div>\n\t\t\t\t<\/div>\n\t\t\t\t<div class=\"elementor-element elementor-element-b98b924 elementor-align-left elementor-tablet-align-center elementor-widget__width-auto elementor-widget elementor-widget-button\" data-id=\"b98b924\" data-element_type=\"widget\" data-e-type=\"widget\" data-widget_type=\"button.default\">\n\t\t\t\t<div class=\"elementor-widget-container\">\n\t\t\t\t\t\t\t\t\t<div class=\"elementor-button-wrapper\">\n\t\t\t\t\t<a class=\"elementor-button elementor-button-link elementor-size-sm\" href=\"https:\/\/www.nordsinternational.com\/de\/kategorie\/vorschweissbordel\/\">\n\t\t\t\t\t\t<span class=\"elementor-button-content-wrapper\">\n\t\t\t\t\t\t<span class=\"elementor-button-icon\">\n\t\t\t\t<i aria-hidden=\"true\" class=\"fas fa-angle-double-right\"><\/i>\t\t\t<\/span>\n\t\t\t\t\t\t\t\t\t<span class=\"elementor-button-text\">Vorschweissb\u00f6rdel<\/span>\n\t\t\t\t\t<\/span>\n\t\t\t\t\t<\/a>\n\t\t\t\t<\/div>\n\t\t\t\t\t\t\t\t<\/div>\n\t\t\t\t<\/div>\n\t\t\t\t<div class=\"elementor-element elementor-element-53657d4 elementor-align-left elementor-tablet-align-center elementor-widget__width-auto elementor-widget elementor-widget-button\" data-id=\"53657d4\" data-element_type=\"widget\" data-e-type=\"widget\" data-widget_type=\"button.default\">\n\t\t\t\t<div class=\"elementor-widget-container\">\n\t\t\t\t\t\t\t\t\t<div class=\"elementor-button-wrapper\">\n\t\t\t\t\t<a class=\"elementor-button elementor-button-link elementor-size-sm\" href=\"https:\/\/www.nordsinternational.com\/de\/kategorie\/anschweissringe-mit-hals\/\">\n\t\t\t\t\t\t<span class=\"elementor-button-content-wrapper\">\n\t\t\t\t\t\t<span class=\"elementor-button-icon\">\n\t\t\t\t<i aria-hidden=\"true\" class=\"fas fa-angle-double-right\"><\/i>\t\t\t<\/span>\n\t\t\t\t\t\t\t\t\t<span class=\"elementor-button-text\"> Anschweissringe mit Hals TYP 35<\/span>\n\t\t\t\t\t<\/span>\n\t\t\t\t\t<\/a>\n\t\t\t\t<\/div>\n\t\t\t\t\t\t\t\t<\/div>\n\t\t\t\t<\/div>\n\t\t\t\t\t<\/div>\n\t\t<\/div>\n\t\t\t\t\t<\/div>\n\t\t<\/section>\n\t\t\t\t<section class=\"elementor-section elementor-top-section elementor-element elementor-element-2bdb3e29 elementor-section-boxed elementor-section-height-default elementor-section-height-default\" data-id=\"2bdb3e29\" data-element_type=\"section\" data-e-type=\"section\">\n\t\t\t\t\t\t<div class=\"elementor-container elementor-column-gap-default\">\n\t\t\t\t\t<div class=\"elementor-column elementor-col-50 elementor-top-column elementor-element elementor-element-1d42828\" data-id=\"1d42828\" data-element_type=\"column\" data-e-type=\"column\">\n\t\t\t<div class=\"elementor-widget-wrap elementor-element-populated\">\n\t\t\t\t\t\t<div class=\"elementor-element elementor-element-4f4057c6 elementor-widget elementor-widget-heading\" data-id=\"4f4057c6\" data-element_type=\"widget\" data-e-type=\"widget\" data-widget_type=\"heading.default\">\n\t\t\t\t<div class=\"elementor-widget-container\">\n\t\t\t\t\t<h3 class=\"elementor-heading-title elementor-size-default\">Produktkategorien<\/h3>\t\t\t\t<\/div>\n\t\t\t\t<\/div>\n\t\t\t\t<div class=\"elementor-element elementor-element-fb75344 elementor-nav-menu__text-align-aside elementor-widget elementor-widget-nav-menu\" data-id=\"fb75344\" data-element_type=\"widget\" data-e-type=\"widget\" data-settings=\"{&quot;layout&quot;:&quot;dropdown&quot;,&quot;submenu_icon&quot;:{&quot;value&quot;:&quot;&lt;i class=\\&quot;fas fa-angle-down\\&quot; aria-hidden=\\&quot;true\\&quot;&gt;&lt;\\\/i&gt;&quot;,&quot;library&quot;:&quot;fa-solid&quot;}}\" data-widget_type=\"nav-menu.default\">\n\t\t\t\t<div class=\"elementor-widget-container\">\n\t\t\t\t\t\t\t\t<nav class=\"elementor-nav-menu--dropdown elementor-nav-menu__container\" aria-hidden=\"true\">\n\t\t\t\t<ul id=\"menu-2-fb75344\" class=\"elementor-nav-menu\"><li class=\"menu-item menu-item-type-taxonomy menu-item-object-product_cat menu-item-has-children menu-item-29586\"><a role=\"button\" aria-expanded=\"false\" href=\"https:\/\/www.nordsinternational.com\/de\/kategorie\/gewindefittings\/\" class=\"elementor-item menu-link\" tabindex=\"-1\">Gewindefittings<span role=\"button\" class=\"dropdown-menu-toggle ast-header-navigation-arrow\" tabindex=\"0\" aria-expanded=\"false\" aria-label=\"Men\u00fc umschalten\" aria-haspopup=\"true\"><\/span><\/a>\n<ul class=\"sub-menu elementor-nav-menu--dropdown\">\n\t<li class=\"menu-item menu-item-type-taxonomy menu-item-object-product_cat menu-item-29637\"><a href=\"https:\/\/www.nordsinternational.com\/de\/kategorie\/verschraubungen\/\" class=\"elementor-sub-item menu-link\" tabindex=\"-1\">Verschraubungen<\/a><\/li>\n\t<li class=\"menu-item menu-item-type-taxonomy menu-item-object-product_cat menu-item-29619\"><a href=\"https:\/\/www.nordsinternational.com\/de\/kategorie\/schneideringverschraubungen\/\" class=\"elementor-sub-item menu-link\" tabindex=\"-1\">Schneideringverschraubungen<\/a><\/li>\n\t<li class=\"menu-item menu-item-type-taxonomy menu-item-object-product_cat menu-item-29595\"><a href=\"https:\/\/www.nordsinternational.com\/de\/kategorie\/muffen\/\" class=\"elementor-sub-item menu-link\" tabindex=\"-1\">Muffen<\/a><\/li>\n\t<li class=\"menu-item menu-item-type-taxonomy menu-item-object-product_cat menu-item-29604\"><a href=\"https:\/\/www.nordsinternational.com\/de\/kategorie\/nippel\/\" class=\"elementor-sub-item menu-link\" tabindex=\"-1\">Nippel<\/a><\/li>\n\t<li class=\"menu-item menu-item-type-taxonomy menu-item-object-product_cat menu-item-29580\"><a href=\"https:\/\/www.nordsinternational.com\/de\/kategorie\/buchsen\/\" class=\"elementor-sub-item menu-link\" tabindex=\"-1\">Buchsen<\/a><\/li>\n\t<li class=\"menu-item menu-item-type-taxonomy menu-item-object-product_cat menu-item-29598\"><a href=\"https:\/\/www.nordsinternational.com\/de\/kategorie\/muffennippel-reduziert\/\" class=\"elementor-sub-item menu-link\" tabindex=\"-1\">Muffennippel reduziert<\/a><\/li>\n\t<li class=\"menu-item menu-item-type-taxonomy menu-item-object-product_cat menu-item-29610\"><a href=\"https:\/\/www.nordsinternational.com\/de\/kategorie\/rohrverbinder-mit-muffe-und-mutter\/\" class=\"elementor-sub-item menu-link\" tabindex=\"-1\">Rohrverbinder mit Muffe und Mutter<\/a><\/li>\n\t<li class=\"menu-item menu-item-type-taxonomy menu-item-object-product_cat menu-item-29625\"><a href=\"https:\/\/www.nordsinternational.com\/de\/kategorie\/stopfen\/\" class=\"elementor-sub-item menu-link\" tabindex=\"-1\">Stopfen<\/a><\/li>\n\t<li class=\"menu-item menu-item-type-taxonomy menu-item-object-product_cat menu-item-29592\"><a href=\"https:\/\/www.nordsinternational.com\/de\/kategorie\/kappen\/\" class=\"elementor-sub-item menu-link\" tabindex=\"-1\">Kappen<\/a><\/li>\n\t<li class=\"menu-item menu-item-type-taxonomy menu-item-object-product_cat menu-item-29601\"><a href=\"https:\/\/www.nordsinternational.com\/de\/kategorie\/muttern\/\" class=\"elementor-sub-item menu-link\" tabindex=\"-1\">Muttern<\/a><\/li>\n\t<li class=\"menu-item menu-item-type-taxonomy menu-item-object-product_cat menu-item-29613\"><a href=\"https:\/\/www.nordsinternational.com\/de\/kategorie\/schlauchkupplungen\/\" class=\"elementor-sub-item menu-link\" tabindex=\"-1\">Schlauchkupplungen<\/a><\/li>\n\t<li class=\"menu-item menu-item-type-taxonomy menu-item-object-product_cat menu-item-30416\"><a href=\"https:\/\/www.nordsinternational.com\/de\/kategorie\/schlauchnippel\/\" class=\"elementor-sub-item menu-link\" tabindex=\"-1\">Schlauchnippel<\/a><\/li>\n\t<li class=\"menu-item menu-item-type-taxonomy menu-item-object-product_cat menu-item-29628\"><a href=\"https:\/\/www.nordsinternational.com\/de\/kategorie\/t-stucke\/\" class=\"elementor-sub-item menu-link\" tabindex=\"-1\">T-St\u00fccke<\/a><\/li>\n\t<li class=\"menu-item menu-item-type-taxonomy menu-item-object-product_cat menu-item-29646\"><a href=\"https:\/\/www.nordsinternational.com\/de\/kategorie\/winkel\/\" class=\"elementor-sub-item menu-link\" tabindex=\"-1\">Winkel<\/a><\/li>\n\t<li class=\"menu-item menu-item-type-taxonomy menu-item-object-product_cat menu-item-29589\"><a href=\"https:\/\/www.nordsinternational.com\/de\/kategorie\/gewindekrummer\/\" class=\"elementor-sub-item menu-link\" tabindex=\"-1\">Gewindekr\u00fcmmer<\/a><\/li>\n\t<li class=\"menu-item menu-item-type-taxonomy menu-item-object-product_cat menu-item-29622\"><a href=\"https:\/\/www.nordsinternational.com\/de\/kategorie\/steckfittings\/\" class=\"elementor-sub-item menu-link\" tabindex=\"-1\">Steckfittings<\/a><\/li>\n<\/ul>\n<\/li>\n<li class=\"menu-item menu-item-type-taxonomy menu-item-object-product_cat menu-item-29631\"><a href=\"https:\/\/www.nordsinternational.com\/de\/kategorie\/union-l-de\/\" class=\"elementor-item menu-link\" tabindex=\"-1\">Union-L<\/a><\/li>\n<li class=\"menu-item menu-item-type-taxonomy menu-item-object-product_cat menu-item-29607\"><a href=\"https:\/\/www.nordsinternational.com\/de\/kategorie\/rohrschellen\/\" class=\"elementor-item menu-link\" tabindex=\"-1\">Rohrschellen<\/a><\/li>\n<li class=\"menu-item menu-item-type-taxonomy menu-item-object-product_cat menu-item-has-children menu-item-29640\"><a role=\"button\" aria-expanded=\"false\" href=\"https:\/\/www.nordsinternational.com\/de\/kategorie\/vorschweissbordel\/\" class=\"elementor-item menu-link\" tabindex=\"-1\">Vorschweissb\u00f6rdel<span role=\"button\" class=\"dropdown-menu-toggle ast-header-navigation-arrow\" tabindex=\"0\" aria-expanded=\"false\" aria-label=\"Men\u00fc umschalten\" aria-haspopup=\"true\"><\/span><\/a>\n<ul class=\"sub-menu elementor-nav-menu--dropdown\">\n\t<li class=\"menu-item menu-item-type-taxonomy menu-item-object-product_cat menu-item-29583\"><a href=\"https:\/\/www.nordsinternational.com\/de\/kategorie\/gepresste-vorschweissboerdel\/\" class=\"elementor-sub-item menu-link\" tabindex=\"-1\">Gepresste Vorschweissb\u00f6rdel<\/a><\/li>\n\t<li class=\"menu-item menu-item-type-taxonomy menu-item-object-product_cat menu-item-29643\"><a href=\"https:\/\/www.nordsinternational.com\/de\/kategorie\/vorschweissbordel-gepresst-hoher-hals\/\" class=\"elementor-sub-item menu-link\" tabindex=\"-1\">Vorschweissb\u00f6rdel gepresst hoher Hals<\/a><\/li>\n\t<li class=\"menu-item menu-item-type-taxonomy menu-item-object-product_cat menu-item-29577\"><a href=\"https:\/\/www.nordsinternational.com\/de\/kategorie\/aufschweissringe\/\" class=\"elementor-sub-item menu-link\" tabindex=\"-1\">Aufschweissringe<\/a><\/li>\n<\/ul>\n<\/li>\n<li class=\"menu-item menu-item-type-taxonomy menu-item-object-product_cat menu-item-29616\"><a href=\"https:\/\/www.nordsinternational.com\/de\/kategorie\/schlauchnippel\/\" class=\"elementor-item menu-link\" tabindex=\"-1\">Schlauchnippel<\/a><\/li>\n<li class=\"menu-item menu-item-type-taxonomy menu-item-object-product_cat menu-item-29574\"><a href=\"https:\/\/www.nordsinternational.com\/de\/kategorie\/anschweissringe-mit-hals\/\" class=\"elementor-item menu-link\" tabindex=\"-1\">Anschweissringe mit Hals TYP 35<\/a><\/li>\n<\/ul>\t\t\t<\/nav>\n\t\t\t\t\t\t<\/div>\n\t\t\t\t<\/div>\n\t\t\t\t\t<\/div>\n\t\t<\/div>\n\t\t\t\t<div class=\"elementor-column elementor-col-50 elementor-top-column elementor-element elementor-element-275d0be8\" data-id=\"275d0be8\" data-element_type=\"column\" data-e-type=\"column\">\n\t\t\t<div class=\"elementor-widget-wrap elementor-element-populated\">\n\t\t\t\t\t\t<div class=\"elementor-element elementor-element-5926a01 elementor-widget elementor-widget-heading\" data-id=\"5926a01\" data-element_type=\"widget\" data-e-type=\"widget\" data-widget_type=\"heading.default\">\n\t\t\t\t<div class=\"elementor-widget-container\">\n\t\t\t\t\t<h2 class=\"elementor-heading-title elementor-size-default\">Kundenspezifische teile<\/h2>\t\t\t\t<\/div>\n\t\t\t\t<\/div>\n\t\t\t\t<div class=\"elementor-element elementor-element-5828658 elementor-widget elementor-widget-text-editor\" data-id=\"5828658\" data-element_type=\"widget\" data-e-type=\"widget\" data-widget_type=\"text-editor.default\">\n\t\t\t\t<div class=\"elementor-widget-container\">\n\t\t\t\t\t\t\t\t\t<ul><li>Mit \u00fcber 40 automatisierten und hochproduktiven CNC-Maschinen erf\u00fcllen wir Ihre Anforderungen und bieten kurze Lieferzeiten an. Unser Maschinenpark in Kombination mit unserer CAD\/CAM-unterst\u00fctzten Fertigung bietet die Voraussetzungen f\u00fcr eine sehr flexible Produktion von Sonderteilen ganz nach Ihren Anforderungen und W\u00fcnschen an.<\/li><li>In Nordeuropa sind wir f\u00fchrend im CNC-Fr\u00e4sen und CNC-Drehen von Edelst\u00e4hlen in verschiedenen Werkstoffen von normalem 304L\/316L bis 904L, 254SMO, Duplex, Super Duplex, Nickelbasislegierungen und Titan.<\/li><li>Wir arbeiten in einem Abmessungsbereich von Au\u00dfendurchmessern bis 710 mm und L\u00e4ngen bis 1000 mm. H\u00f6chstgewicht 500 kg.<\/li><li>Zusammen mit nahegelegenen Partnern k\u00f6nnen wir verschiedene Oberfl\u00e4chenbehandlungen, unter anderem auch Elektropolieren, anbieten.<\/li><li>Dank fundiertem Know-how in Blechstanz-, Press- und Schwei\u00dfarbeiten k\u00f6nnen wir auch komplexere Produkte anbieten.<\/li><li>Wir w\u00fcrden uns auf Ihre Anfrage freuen. Wir antworten normalerweise innerhalb von 8 Arbeitsstunden.<\/li><\/ul>\t\t\t\t\t\t\t\t<\/div>\n\t\t\t\t<\/div>\n\t\t\t\t\t<\/div>\n\t\t<\/div>\n\t\t\t\t\t<\/div>\n\t\t<\/section>\n\t\t\t\t<\/div>\n\t\t","protected":false},"excerpt":{"rendered":"<p>Sonderanfertigungen Weitere Produktkategorien Gewindefittings Union L Rohrschellen Vorschweissb\u00f6rdel Anschweissringe mit Hals TYP 35 Produktkategorien Kundenspezifische teile Mit \u00fcber 40 automatisierten und hochproduktiven CNC-Maschinen erf\u00fcllen wir Ihre Anforderungen und bieten kurze Lieferzeiten an. Unser Maschinenpark in Kombination mit unserer CAD\/CAM-unterst\u00fctzten Fertigung bietet die Voraussetzungen f\u00fcr eine sehr flexible Produktion von Sonderteilen ganz nach Ihren Anforderungen und [&hellip;]<\/p>\n","protected":false},"author":3,"featured_media":0,"parent":24151,"menu_order":0,"comment_status":"closed","ping_status":"closed","template":"","meta":{"site-sidebar-layout":"default","site-content-layout":"","ast-site-content-layout":"default","site-content-style":"default","site-sidebar-style":"default","ast-global-header-display":"","ast-banner-title-visibility":"","ast-main-header-display":"","ast-hfb-above-header-display":"","ast-hfb-below-header-display":"","ast-hfb-mobile-header-display":"","site-post-title":"","ast-breadcrumbs-content":"","ast-featured-img":"","footer-sml-layout":"","ast-disable-related-posts":"","theme-transparent-header-meta":"","adv-header-id-meta":"","stick-header-meta":"","header-above-stick-meta":"","header-main-stick-meta":"","header-below-stick-meta":"","astra-migrate-meta-layouts":"default","ast-page-background-enabled":"default","ast-page-background-meta":{"desktop":{"background-color":"var(--ast-global-color-4)","background-image":"","background-repeat":"repeat","background-position":"center center","background-size":"auto","background-attachment":"scroll","background-type":"","background-media":"","overlay-type":"","overlay-color":"","overlay-opacity":"","overlay-gradient":""},"tablet":{"background-color":"","background-image":"","background-repeat":"repeat","background-position":"center center","background-size":"auto","background-attachment":"scroll","background-type":"","background-media":"","overlay-type":"","overlay-color":"","overlay-opacity":"","overlay-gradient":""},"mobile":{"background-color":"","background-image":"","background-repeat":"repeat","background-position":"center center","background-size":"auto","background-attachment":"scroll","background-type":"","background-media":"","overlay-type":"","overlay-color":"","overlay-opacity":"","overlay-gradient":""}},"ast-content-background-meta":{"desktop":{"background-color":"var(--ast-global-color-5)","background-image":"","background-repeat":"repeat","background-position":"center center","background-size":"auto","background-attachment":"scroll","background-type":"","background-media":"","overlay-type":"","overlay-color":"","overlay-opacity":"","overlay-gradient":""},"tablet":{"background-color":"var(--ast-global-color-5)","background-image":"","background-repeat":"repeat","background-position":"center center","background-size":"auto","background-attachment":"scroll","background-type":"","background-media":"","overlay-type":"","overlay-color":"","overlay-opacity":"","overlay-gradient":""},"mobile":{"background-color":"var(--ast-global-color-5)","background-image":"","background-repeat":"repeat","background-position":"center center","background-size":"auto","background-attachment":"scroll","background-type":"","background-media":"","overlay-type":"","overlay-color":"","overlay-opacity":"","overlay-gradient":""}},"footnotes":""},"class_list":["post-24169","page","type-page","status-publish","hentry"],"_links":{"self":[{"href":"https:\/\/www.nordsinternational.com\/de\/wp-json\/wp\/v2\/pages\/24169","targetHints":{"allow":["GET"]}}],"collection":[{"href":"https:\/\/www.nordsinternational.com\/de\/wp-json\/wp\/v2\/pages"}],"about":[{"href":"https:\/\/www.nordsinternational.com\/de\/wp-json\/wp\/v2\/types\/page"}],"author":[{"embeddable":true,"href":"https:\/\/www.nordsinternational.com\/de\/wp-json\/wp\/v2\/users\/3"}],"replies":[{"embeddable":true,"href":"https:\/\/www.nordsinternational.com\/de\/wp-json\/wp\/v2\/comments?post=24169"}],"version-history":[{"count":0,"href":"https:\/\/www.nordsinternational.com\/de\/wp-json\/wp\/v2\/pages\/24169\/revisions"}],"up":[{"embeddable":true,"href":"https:\/\/www.nordsinternational.com\/de\/wp-json\/wp\/v2\/pages\/24151"}],"wp:attachment":[{"href":"https:\/\/www.nordsinternational.com\/de\/wp-json\/wp\/v2\/media?parent=24169"}],"curies":[{"name":"wp","href":"https:\/\/api.w.org\/{rel}","templated":true}]}}