{"id":24151,"date":"2022-01-31T13:01:21","date_gmt":"2022-01-31T12:01:21","guid":{"rendered":"https:\/\/www.nordsinternational.com\/?page_id=24151"},"modified":"2023-07-05T08:19:38","modified_gmt":"2023-07-05T06:19:38","slug":"produkte","status":"publish","type":"page","link":"https:\/\/www.nordsinternational.com\/de\/produkte\/","title":{"rendered":"Produkte"},"content":{"rendered":"\t\t<div data-elementor-type=\"wp-page\" data-elementor-id=\"24151\" class=\"elementor elementor-24151 elementor-567\" data-elementor-post-type=\"page\">\n\t\t\t\t\t\t<section class=\"elementor-section elementor-top-section elementor-element elementor-element-3adfaa1 elementor-section-stretched elementor-section-boxed elementor-section-height-default elementor-section-height-default\" data-id=\"3adfaa1\" data-element_type=\"section\" data-e-type=\"section\" data-settings=\"{&quot;stretch_section&quot;:&quot;section-stretched&quot;,&quot;background_background&quot;:&quot;classic&quot;}\">\n\t\t\t\t\t\t<div class=\"elementor-container elementor-column-gap-no\">\n\t\t\t\t\t<div class=\"elementor-column elementor-col-50 elementor-top-column elementor-element elementor-element-052db6d\" data-id=\"052db6d\" data-element_type=\"column\" data-e-type=\"column\">\n\t\t\t<div class=\"elementor-widget-wrap elementor-element-populated\">\n\t\t\t\t\t\t<div class=\"elementor-element elementor-element-fc0a658 elementor-widget elementor-widget-heading\" data-id=\"fc0a658\" data-element_type=\"widget\" data-e-type=\"widget\" data-widget_type=\"heading.default\">\n\t\t\t\t<div class=\"elementor-widget-container\">\n\t\t\t\t\t<h1 class=\"elementor-heading-title elementor-size-default\">Produkte<\/h1>\t\t\t\t<\/div>\n\t\t\t\t<\/div>\n\t\t\t\t<div class=\"elementor-element elementor-element-fe2eea2 elementor-widget-divider--view-line elementor-widget elementor-widget-divider\" data-id=\"fe2eea2\" data-element_type=\"widget\" data-e-type=\"widget\" data-widget_type=\"divider.default\">\n\t\t\t\t<div class=\"elementor-widget-container\">\n\t\t\t\t\t\t\t<div class=\"elementor-divider\">\n\t\t\t<span class=\"elementor-divider-separator\">\n\t\t\t\t\t\t<\/span>\n\t\t<\/div>\n\t\t\t\t\t\t<\/div>\n\t\t\t\t<\/div>\n\t\t\t\t<div class=\"elementor-element elementor-element-ed9f260 elementor-widget elementor-widget-text-editor\" data-id=\"ed9f260\" data-element_type=\"widget\" data-e-type=\"widget\" data-widget_type=\"text-editor.default\">\n\t\t\t\t<div class=\"elementor-widget-container\">\n\t\t\t\t\t\t\t\t\t<p>Nords International AB fertigt CNC-gedrehte und gefr\u00e4ste Gewindefittings aus Edelstahl sowie kundenspezifische Produkte aus Edelstahl und anderen Legierungen. Wir stellen auch Edelstahl Vorschweissb\u00f6rdel und Rohrschellen her.<\/p><p>Unsere Produkte sind ma\u00dfgeschneidert f\u00fcr den Einsatz in korrosiven Umgebungen mit hohen Anforderungen an Zuverl\u00e4ssigkeit und langer Lebensdauer. Wir bieten unsere Produkte in den Werkstoffen EN 1.4404\/32, EN 1.4307, EN 1.4571 und h\u00f6her legierten Werkstoffen an.<\/p><p>Als Vormaterial verwenden wir Rund- und Sechskant-Stabstahl, Bleche sowie geschwei\u00dfte und nahtlose Rohre. Wir haben eine 100-prozentige R\u00fcckverfolgbarkeit. Unser Sortiment an Standardprodukten ist gem\u00e4\u00df PED 2014\/68\/EU zugelassen. Die Standardprodukte sind nach EN 13480-3 druckberechnet.<\/p><p>Unsere Standardgewinde werden nach den Normen ISO 7\/1 und ISO 228\/1 hergestellt. Auf Anfrage k\u00f6nnen auch andere Gewindearten angeboten werden.<\/p>\t\t\t\t\t\t\t\t<\/div>\n\t\t\t\t<\/div>\n\t\t\t\t<div class=\"elementor-element elementor-element-f753f04 elementor-align-left elementor-tablet-align-center elementor-widget elementor-widget-button\" data-id=\"f753f04\" data-element_type=\"widget\" data-e-type=\"widget\" data-widget_type=\"button.default\">\n\t\t\t\t<div class=\"elementor-widget-container\">\n\t\t\t\t\t\t\t\t\t<div class=\"elementor-button-wrapper\">\n\t\t\t\t\t<a class=\"elementor-button elementor-button-link elementor-size-sm\" href=\"\/wp-content\/uploads\/2023\/01\/Nords%20katalog%204-2\/Nords-katalog-4-2.html\" target=\"_blank\">\n\t\t\t\t\t\t<span class=\"elementor-button-content-wrapper\">\n\t\t\t\t\t\t<span class=\"elementor-button-icon\">\n\t\t\t\t<i aria-hidden=\"true\" class=\"fas fa-angle-double-right\"><\/i>\t\t\t<\/span>\n\t\t\t\t\t\t\t\t\t<span class=\"elementor-button-text\">Zum Katalog bitte hier klicken<\/span>\n\t\t\t\t\t<\/span>\n\t\t\t\t\t<\/a>\n\t\t\t\t<\/div>\n\t\t\t\t\t\t\t\t<\/div>\n\t\t\t\t<\/div>\n\t\t\t\t\t<\/div>\n\t\t<\/div>\n\t\t\t\t<div class=\"elementor-column elementor-col-50 elementor-top-column elementor-element elementor-element-5d3e494\" data-id=\"5d3e494\" data-element_type=\"column\" data-e-type=\"column\" data-settings=\"{&quot;background_background&quot;:&quot;classic&quot;}\">\n\t\t\t<div class=\"elementor-widget-wrap elementor-element-populated\">\n\t\t\t\t\t\t<div class=\"elementor-element elementor-element-6a22f82 elementor-widget elementor-widget-image\" data-id=\"6a22f82\" data-element_type=\"widget\" data-e-type=\"widget\" data-widget_type=\"image.default\">\n\t\t\t\t<div class=\"elementor-widget-container\">\n\t\t\t\t\t\t\t\t\t\t\t\t\t\t\t<img fetchpriority=\"high\" decoding=\"async\" width=\"1047\" height=\"1200\" src=\"https:\/\/www.nordsinternational.com\/wp-content\/uploads\/2022\/12\/Standardprodukter-2-1047x1200.jpg\" class=\"attachment-large size-large wp-image-23994\" alt=\"\" srcset=\"https:\/\/www.nordsinternational.com\/wp-content\/uploads\/2022\/12\/Standardprodukter-2-1047x1200.jpg 1047w, https:\/\/www.nordsinternational.com\/wp-content\/uploads\/2022\/12\/Standardprodukter-2-262x300.jpg 262w, https:\/\/www.nordsinternational.com\/wp-content\/uploads\/2022\/12\/Standardprodukter-2-768x880.jpg 768w, https:\/\/www.nordsinternational.com\/wp-content\/uploads\/2022\/12\/Standardprodukter-2-1341x1536.jpg 1341w, https:\/\/www.nordsinternational.com\/wp-content\/uploads\/2022\/12\/Standardprodukter-2-1787x2048.jpg 1787w, https:\/\/www.nordsinternational.com\/wp-content\/uploads\/2022\/12\/Standardprodukter-2-600x688.jpg 600w, https:\/\/www.nordsinternational.com\/wp-content\/uploads\/2022\/12\/Standardprodukter-2.jpg 1920w\" sizes=\"(max-width: 1047px) 100vw, 1047px\" \/>\t\t\t\t\t\t\t\t\t\t\t\t\t\t\t<\/div>\n\t\t\t\t<\/div>\n\t\t\t\t\t<\/div>\n\t\t<\/div>\n\t\t\t\t\t<\/div>\n\t\t<\/section>\n\t\t\t\t<section class=\"elementor-section elementor-top-section elementor-element elementor-element-e8933cb elementor-section-stretched elementor-section-boxed elementor-section-height-default elementor-section-height-default\" data-id=\"e8933cb\" data-element_type=\"section\" data-e-type=\"section\" data-settings=\"{&quot;background_background&quot;:&quot;classic&quot;,&quot;stretch_section&quot;:&quot;section-stretched&quot;}\">\n\t\t\t\t\t\t\t<div class=\"elementor-background-overlay\"><\/div>\n\t\t\t\t\t\t\t<div class=\"elementor-container elementor-column-gap-default\">\n\t\t\t\t\t<div class=\"elementor-column elementor-col-100 elementor-top-column elementor-element elementor-element-9422bb6\" data-id=\"9422bb6\" data-element_type=\"column\" data-e-type=\"column\">\n\t\t\t<div class=\"elementor-widget-wrap elementor-element-populated\">\n\t\t\t\t\t\t<div class=\"elementor-element elementor-element-af6d23a elementor-widget elementor-widget-heading\" data-id=\"af6d23a\" data-element_type=\"widget\" data-e-type=\"widget\" data-widget_type=\"heading.default\">\n\t\t\t\t<div class=\"elementor-widget-container\">\n\t\t\t\t\t<h2 class=\"elementor-heading-title elementor-size-default\">UNSERE PRODUKTE<\/h2>\t\t\t\t<\/div>\n\t\t\t\t<\/div>\n\t\t\t\t<div class=\"elementor-element elementor-element-eddbbfa elementor-widget-divider--view-line elementor-widget elementor-widget-divider\" data-id=\"eddbbfa\" data-element_type=\"widget\" data-e-type=\"widget\" data-widget_type=\"divider.default\">\n\t\t\t\t<div class=\"elementor-widget-container\">\n\t\t\t\t\t\t\t<div class=\"elementor-divider\">\n\t\t\t<span class=\"elementor-divider-separator\">\n\t\t\t\t\t\t<\/span>\n\t\t<\/div>\n\t\t\t\t\t\t<\/div>\n\t\t\t\t<\/div>\n\t\t\t\t<section class=\"elementor-section elementor-inner-section elementor-element elementor-element-2f7bf0d elementor-section-boxed elementor-section-height-default elementor-section-height-default\" data-id=\"2f7bf0d\" data-element_type=\"section\" data-e-type=\"section\">\n\t\t\t\t\t\t<div class=\"elementor-container elementor-column-gap-default\">\n\t\t\t\t\t<div class=\"elementor-column elementor-col-20 elementor-inner-column elementor-element elementor-element-dbfbec3\" data-id=\"dbfbec3\" data-element_type=\"column\" data-e-type=\"column\" data-settings=\"{&quot;background_background&quot;:&quot;classic&quot;}\">\n\t\t\t<div class=\"elementor-widget-wrap elementor-element-populated\">\n\t\t\t\t\t\t<div class=\"elementor-element elementor-element-5339b34 elementor-position-top elementor-widget elementor-widget-image-box\" data-id=\"5339b34\" data-element_type=\"widget\" data-e-type=\"widget\" data-widget_type=\"image-box.default\">\n\t\t\t\t<div class=\"elementor-widget-container\">\n\t\t\t\t\t<div class=\"elementor-image-box-wrapper\"><figure class=\"elementor-image-box-img\"><a href=\"\/kategori\/gangrordelar\/\" tabindex=\"-1\"><img decoding=\"async\" width=\"945\" height=\"945\" src=\"https:\/\/www.nordsinternational.com\/wp-content\/uploads\/2022\/06\/R-131-UU.png\" class=\"attachment-full size-full wp-image-4937\" alt=\"\" srcset=\"https:\/\/www.nordsinternational.com\/wp-content\/uploads\/2022\/06\/R-131-UU.png 945w, https:\/\/www.nordsinternational.com\/wp-content\/uploads\/2022\/06\/R-131-UU-300x300.png 300w, https:\/\/www.nordsinternational.com\/wp-content\/uploads\/2022\/06\/R-131-UU-100x100.png 100w, https:\/\/www.nordsinternational.com\/wp-content\/uploads\/2022\/06\/R-131-UU-600x600.png 600w, https:\/\/www.nordsinternational.com\/wp-content\/uploads\/2022\/06\/R-131-UU-150x150.png 150w, https:\/\/www.nordsinternational.com\/wp-content\/uploads\/2022\/06\/R-131-UU-768x768.png 768w\" sizes=\"(max-width: 945px) 100vw, 945px\" \/><\/a><\/figure><div class=\"elementor-image-box-content\"><h3 class=\"elementor-image-box-title\"><a href=\"\/kategori\/gangrordelar\/\">Gewindefittings<\/a><\/h3><\/div><\/div>\t\t\t\t<\/div>\n\t\t\t\t<\/div>\n\t\t\t\t\t<\/div>\n\t\t<\/div>\n\t\t\t\t<div class=\"elementor-column elementor-col-20 elementor-inner-column elementor-element elementor-element-df61f8a\" data-id=\"df61f8a\" data-element_type=\"column\" data-e-type=\"column\" data-settings=\"{&quot;background_background&quot;:&quot;classic&quot;}\">\n\t\t\t<div class=\"elementor-widget-wrap elementor-element-populated\">\n\t\t\t\t\t\t<div class=\"elementor-element elementor-element-bded7a6 elementor-position-top elementor-widget elementor-widget-image-box\" data-id=\"bded7a6\" data-element_type=\"widget\" data-e-type=\"widget\" data-widget_type=\"image-box.default\">\n\t\t\t\t<div class=\"elementor-widget-container\">\n\t\t\t\t\t<div class=\"elementor-image-box-wrapper\"><figure class=\"elementor-image-box-img\"><a href=\"\/kategori\/kragar\/\" tabindex=\"-1\"><img decoding=\"async\" width=\"945\" height=\"945\" src=\"https:\/\/www.nordsinternational.com\/wp-content\/uploads\/2022\/06\/P-krage.png\" class=\"attachment-full size-full wp-image-4892\" alt=\"\" srcset=\"https:\/\/www.nordsinternational.com\/wp-content\/uploads\/2022\/06\/P-krage.png 945w, https:\/\/www.nordsinternational.com\/wp-content\/uploads\/2022\/06\/P-krage-300x300.png 300w, https:\/\/www.nordsinternational.com\/wp-content\/uploads\/2022\/06\/P-krage-100x100.png 100w, https:\/\/www.nordsinternational.com\/wp-content\/uploads\/2022\/06\/P-krage-600x600.png 600w, https:\/\/www.nordsinternational.com\/wp-content\/uploads\/2022\/06\/P-krage-150x150.png 150w, https:\/\/www.nordsinternational.com\/wp-content\/uploads\/2022\/06\/P-krage-768x768.png 768w\" sizes=\"(max-width: 945px) 100vw, 945px\" \/><\/a><\/figure><div class=\"elementor-image-box-content\"><h3 class=\"elementor-image-box-title\"><a href=\"\/kategori\/kragar\/\">Gepresste Vorschweissb\u00f6rdel<\/a><\/h3><\/div><\/div>\t\t\t\t<\/div>\n\t\t\t\t<\/div>\n\t\t\t\t\t<\/div>\n\t\t<\/div>\n\t\t\t\t<div class=\"elementor-column elementor-col-20 elementor-inner-column elementor-element elementor-element-a829619\" data-id=\"a829619\" data-element_type=\"column\" data-e-type=\"column\" data-settings=\"{&quot;background_background&quot;:&quot;classic&quot;}\">\n\t\t\t<div class=\"elementor-widget-wrap elementor-element-populated\">\n\t\t\t\t\t\t<div class=\"elementor-element elementor-element-8392d72 elementor-position-top elementor-widget elementor-widget-image-box\" data-id=\"8392d72\" data-element_type=\"widget\" data-e-type=\"widget\" data-widget_type=\"image-box.default\">\n\t\t\t\t<div class=\"elementor-widget-container\">\n\t\t\t\t\t<div class=\"elementor-image-box-wrapper\"><figure class=\"elementor-image-box-img\"><a href=\"\/kategori\/svetsringar-med-krage\/\" tabindex=\"-1\"><img loading=\"lazy\" decoding=\"async\" width=\"945\" height=\"945\" src=\"https:\/\/www.nordsinternational.com\/wp-content\/uploads\/2022\/06\/TYP35-METRIC.png\" class=\"attachment-full size-full wp-image-4847\" alt=\"\" srcset=\"https:\/\/www.nordsinternational.com\/wp-content\/uploads\/2022\/06\/TYP35-METRIC.png 945w, https:\/\/www.nordsinternational.com\/wp-content\/uploads\/2022\/06\/TYP35-METRIC-300x300.png 300w, https:\/\/www.nordsinternational.com\/wp-content\/uploads\/2022\/06\/TYP35-METRIC-100x100.png 100w, https:\/\/www.nordsinternational.com\/wp-content\/uploads\/2022\/06\/TYP35-METRIC-600x600.png 600w, https:\/\/www.nordsinternational.com\/wp-content\/uploads\/2022\/06\/TYP35-METRIC-150x150.png 150w, https:\/\/www.nordsinternational.com\/wp-content\/uploads\/2022\/06\/TYP35-METRIC-768x768.png 768w\" sizes=\"(max-width: 945px) 100vw, 945px\" \/><\/a><\/figure><div class=\"elementor-image-box-content\"><h3 class=\"elementor-image-box-title\"><a href=\"\/kategori\/svetsringar-med-krage\/\">Anschweissringe mit Hals TYP 35<\/a><\/h3><\/div><\/div>\t\t\t\t<\/div>\n\t\t\t\t<\/div>\n\t\t\t\t\t<\/div>\n\t\t<\/div>\n\t\t\t\t<div class=\"elementor-column elementor-col-20 elementor-inner-column elementor-element elementor-element-701a3cb\" data-id=\"701a3cb\" data-element_type=\"column\" data-e-type=\"column\" data-settings=\"{&quot;background_background&quot;:&quot;classic&quot;}\">\n\t\t\t<div class=\"elementor-widget-wrap elementor-element-populated\">\n\t\t\t\t\t\t<div class=\"elementor-element elementor-element-9d809cd elementor-position-top elementor-widget elementor-widget-image-box\" data-id=\"9d809cd\" data-element_type=\"widget\" data-e-type=\"widget\" data-widget_type=\"image-box.default\">\n\t\t\t\t<div class=\"elementor-widget-container\">\n\t\t\t\t\t<div class=\"elementor-image-box-wrapper\"><figure class=\"elementor-image-box-img\"><a href=\"\/kategori\/rorklammer\/\" tabindex=\"-1\"><img loading=\"lazy\" decoding=\"async\" width=\"945\" height=\"945\" src=\"https:\/\/www.nordsinternational.com\/wp-content\/uploads\/2022\/06\/R-171-utan.png\" class=\"attachment-full size-full wp-image-5036\" alt=\"\" srcset=\"https:\/\/www.nordsinternational.com\/wp-content\/uploads\/2022\/06\/R-171-utan.png 945w, https:\/\/www.nordsinternational.com\/wp-content\/uploads\/2022\/06\/R-171-utan-300x300.png 300w, https:\/\/www.nordsinternational.com\/wp-content\/uploads\/2022\/06\/R-171-utan-100x100.png 100w, https:\/\/www.nordsinternational.com\/wp-content\/uploads\/2022\/06\/R-171-utan-600x600.png 600w, https:\/\/www.nordsinternational.com\/wp-content\/uploads\/2022\/06\/R-171-utan-150x150.png 150w, https:\/\/www.nordsinternational.com\/wp-content\/uploads\/2022\/06\/R-171-utan-768x768.png 768w\" sizes=\"(max-width: 945px) 100vw, 945px\" \/><\/a><\/figure><div class=\"elementor-image-box-content\"><h3 class=\"elementor-image-box-title\"><a href=\"\/kategori\/rorklammer\/\">Rohrschellen<\/a><\/h3><\/div><\/div>\t\t\t\t<\/div>\n\t\t\t\t<\/div>\n\t\t\t\t\t<\/div>\n\t\t<\/div>\n\t\t\t\t<div class=\"elementor-column elementor-col-20 elementor-inner-column elementor-element elementor-element-fdeff42\" data-id=\"fdeff42\" data-element_type=\"column\" data-e-type=\"column\" data-settings=\"{&quot;background_background&quot;:&quot;classic&quot;}\">\n\t\t\t<div class=\"elementor-widget-wrap elementor-element-populated\">\n\t\t\t\t\t\t<div class=\"elementor-element elementor-element-c2cd774 elementor-position-top elementor-widget elementor-widget-image-box\" data-id=\"c2cd774\" data-element_type=\"widget\" data-e-type=\"widget\" data-widget_type=\"image-box.default\">\n\t\t\t\t<div class=\"elementor-widget-container\">\n\t\t\t\t\t<div class=\"elementor-image-box-wrapper\"><figure class=\"elementor-image-box-img\"><a href=\"https:\/\/www.nordsinternational.com\/produkter\/legosvarvning-frasning\/\" tabindex=\"-1\"><img loading=\"lazy\" decoding=\"async\" width=\"1947\" height=\"1947\" src=\"https:\/\/www.nordsinternational.com\/wp-content\/uploads\/2022\/10\/kategoribilder.jpg\" class=\"attachment-full size-full wp-image-7346\" alt=\"\" srcset=\"https:\/\/www.nordsinternational.com\/wp-content\/uploads\/2022\/10\/kategoribilder.jpg 1947w, https:\/\/www.nordsinternational.com\/wp-content\/uploads\/2022\/10\/kategoribilder-300x300.jpg 300w, https:\/\/www.nordsinternational.com\/wp-content\/uploads\/2022\/10\/kategoribilder-1200x1200.jpg 1200w, https:\/\/www.nordsinternational.com\/wp-content\/uploads\/2022\/10\/kategoribilder-150x150.jpg 150w, https:\/\/www.nordsinternational.com\/wp-content\/uploads\/2022\/10\/kategoribilder-768x768.jpg 768w, https:\/\/www.nordsinternational.com\/wp-content\/uploads\/2022\/10\/kategoribilder-1536x1536.jpg 1536w, https:\/\/www.nordsinternational.com\/wp-content\/uploads\/2022\/10\/kategoribilder-600x600.jpg 600w, https:\/\/www.nordsinternational.com\/wp-content\/uploads\/2022\/10\/kategoribilder-100x100.jpg 100w\" sizes=\"(max-width: 1947px) 100vw, 1947px\" \/><\/a><\/figure><div class=\"elementor-image-box-content\"><h3 class=\"elementor-image-box-title\"><a href=\"https:\/\/www.nordsinternational.com\/produkter\/legosvarvning-frasning\/\">Lohnfertigung Fr\u00e4sen &amp; Drehen<\/a><\/h3><\/div><\/div>\t\t\t\t<\/div>\n\t\t\t\t<\/div>\n\t\t\t\t\t<\/div>\n\t\t<\/div>\n\t\t\t\t\t<\/div>\n\t\t<\/section>\n\t\t\t\t\t<\/div>\n\t\t<\/div>\n\t\t\t\t\t<\/div>\n\t\t<\/section>\n\t\t\t\t<\/div>\n\t\t","protected":false},"excerpt":{"rendered":"<p>Produkte Nords International AB fertigt CNC-gedrehte und gefr\u00e4ste Gewindefittings aus Edelstahl sowie kundenspezifische Produkte aus Edelstahl und anderen Legierungen. Wir stellen auch Edelstahl Vorschweissb\u00f6rdel und Rohrschellen her. Unsere Produkte sind ma\u00dfgeschneidert f\u00fcr den Einsatz in korrosiven Umgebungen mit hohen Anforderungen an Zuverl\u00e4ssigkeit und langer Lebensdauer. Wir bieten unsere Produkte in den Werkstoffen EN 1.4404\/32, EN [&hellip;]<\/p>\n","protected":false},"author":3,"featured_media":0,"parent":0,"menu_order":10,"comment_status":"closed","ping_status":"closed","template":"elementor_header_footer","meta":{"site-sidebar-layout":"default","site-content-layout":"","ast-site-content-layout":"default","site-content-style":"default","site-sidebar-style":"default","ast-global-header-display":"","ast-banner-title-visibility":"","ast-main-header-display":"","ast-hfb-above-header-display":"","ast-hfb-below-header-display":"","ast-hfb-mobile-header-display":"","site-post-title":"","ast-breadcrumbs-content":"","ast-featured-img":"","footer-sml-layout":"","ast-disable-related-posts":"","theme-transparent-header-meta":"","adv-header-id-meta":"","stick-header-meta":"","header-above-stick-meta":"","header-main-stick-meta":"","header-below-stick-meta":"","astra-migrate-meta-layouts":"default","ast-page-background-enabled":"default","ast-page-background-meta":{"desktop":{"background-color":"var(--ast-global-color-4)","background-image":"","background-repeat":"repeat","background-position":"center center","background-size":"auto","background-attachment":"scroll","background-type":"","background-media":"","overlay-type":"","overlay-color":"","overlay-opacity":"","overlay-gradient":""},"tablet":{"background-color":"","background-image":"","background-repeat":"repeat","background-position":"center center","background-size":"auto","background-attachment":"scroll","background-type":"","background-media":"","overlay-type":"","overlay-color":"","overlay-opacity":"","overlay-gradient":""},"mobile":{"background-color":"","background-image":"","background-repeat":"repeat","background-position":"center center","background-size":"auto","background-attachment":"scroll","background-type":"","background-media":"","overlay-type":"","overlay-color":"","overlay-opacity":"","overlay-gradient":""}},"ast-content-background-meta":{"desktop":{"background-color":"var(--ast-global-color-5)","background-image":"","background-repeat":"repeat","background-position":"center center","background-size":"auto","background-attachment":"scroll","background-type":"","background-media":"","overlay-type":"","overlay-color":"","overlay-opacity":"","overlay-gradient":""},"tablet":{"background-color":"var(--ast-global-color-5)","background-image":"","background-repeat":"repeat","background-position":"center center","background-size":"auto","background-attachment":"scroll","background-type":"","background-media":"","overlay-type":"","overlay-color":"","overlay-opacity":"","overlay-gradient":""},"mobile":{"background-color":"var(--ast-global-color-5)","background-image":"","background-repeat":"repeat","background-position":"center center","background-size":"auto","background-attachment":"scroll","background-type":"","background-media":"","overlay-type":"","overlay-color":"","overlay-opacity":"","overlay-gradient":""}},"footnotes":""},"class_list":["post-24151","page","type-page","status-publish","hentry"],"_links":{"self":[{"href":"https:\/\/www.nordsinternational.com\/de\/wp-json\/wp\/v2\/pages\/24151","targetHints":{"allow":["GET"]}}],"collection":[{"href":"https:\/\/www.nordsinternational.com\/de\/wp-json\/wp\/v2\/pages"}],"about":[{"href":"https:\/\/www.nordsinternational.com\/de\/wp-json\/wp\/v2\/types\/page"}],"author":[{"embeddable":true,"href":"https:\/\/www.nordsinternational.com\/de\/wp-json\/wp\/v2\/users\/3"}],"replies":[{"embeddable":true,"href":"https:\/\/www.nordsinternational.com\/de\/wp-json\/wp\/v2\/comments?post=24151"}],"version-history":[{"count":0,"href":"https:\/\/www.nordsinternational.com\/de\/wp-json\/wp\/v2\/pages\/24151\/revisions"}],"wp:attachment":[{"href":"https:\/\/www.nordsinternational.com\/de\/wp-json\/wp\/v2\/media?parent=24151"}],"curies":[{"name":"wp","href":"https:\/\/api.w.org\/{rel}","templated":true}]}}